{"id":3782,"date":"2022-03-17T14:52:46","date_gmt":"2022-03-17T18:52:46","guid":{"rendered":"https:\/\/warnerbrokers.ca\/libre-service\/devis-dentrepreneurs\/"},"modified":"2022-03-17T14:54:23","modified_gmt":"2022-03-17T18:54:23","slug":"devis-dentrepreneurs","status":"publish","type":"page","link":"https:\/\/warnerbrokers.ca\/fr\/libre-service\/devis-dentrepreneurs\/","title":{"rendered":"Devis d\u2019Entrepreneurs"},"content":{"rendered":"\n<p>Vous cherchez un devis pour votre entreprise de sous-traitance ? Si tel est le cas, Warner Insurance est heureuse d&rsquo;annoncer que nous nous sommes associ\u00e9s \u00e0 April Canada pour fournir une solution de devis rapide et facile aux entrepreneurs. Remplissez simplement le formulaire ci-dessous et il vous donnera un devis instantan\u00e9ment! Pour plus d&rsquo;informations ou pour toute question, n&rsquo;h\u00e9sitez pas \u00e0 nous appeler au 613-932-7210.<\/p>\n\n<iframe loading=\"lazy\" src=\"https:\/\/april-on.ca\/flash\/fr\/00022\" width=\"100%\" height=\"1350px\" frameborder=\"0\"><\/iframe>\r\n","protected":false},"excerpt":{"rendered":"<p>Vous cherchez un devis pour votre entreprise de sous-traitance ? Si tel est le cas, Warner Insurance est heureuse d&rsquo;annoncer que nous nous sommes associ\u00e9s \u00e0 April Canada pour fournir une solution de devis rapide et facile aux entrepreneurs. Remplissez simplement le formulaire ci-dessous et il vous donnera un devis instantan\u00e9ment! Pour plus d&rsquo;informations ou [&hellip;]<\/p>\n","protected":false},"author":1,"featured_media":0,"parent":3337,"menu_order":0,"comment_status":"closed","ping_status":"closed","template":"","meta":{"_et_pb_use_builder":"","_et_pb_old_content":"","_et_gb_content_width":"","footnotes":""},"class_list":["post-3782","page","type-page","status-publish","hentry"],"_links":{"self":[{"href":"https:\/\/warnerbrokers.ca\/fr\/wp-json\/wp\/v2\/pages\/3782","targetHints":{"allow":["GET"]}}],"collection":[{"href":"https:\/\/warnerbrokers.ca\/fr\/wp-json\/wp\/v2\/pages"}],"about":[{"href":"https:\/\/warnerbrokers.ca\/fr\/wp-json\/wp\/v2\/types\/page"}],"author":[{"embeddable":true,"href":"https:\/\/warnerbrokers.ca\/fr\/wp-json\/wp\/v2\/users\/1"}],"replies":[{"embeddable":true,"href":"https:\/\/warnerbrokers.ca\/fr\/wp-json\/wp\/v2\/comments?post=3782"}],"version-history":[{"count":3,"href":"https:\/\/warnerbrokers.ca\/fr\/wp-json\/wp\/v2\/pages\/3782\/revisions"}],"predecessor-version":[{"id":3785,"href":"https:\/\/warnerbrokers.ca\/fr\/wp-json\/wp\/v2\/pages\/3782\/revisions\/3785"}],"up":[{"embeddable":true,"href":"https:\/\/warnerbrokers.ca\/fr\/wp-json\/wp\/v2\/pages\/3337"}],"wp:attachment":[{"href":"https:\/\/warnerbrokers.ca\/fr\/wp-json\/wp\/v2\/media?parent=3782"}],"curies":[{"name":"wp","href":"https:\/\/api.w.org\/{rel}","templated":true}]}}