{"id":3558,"date":"2021-06-29T14:37:46","date_gmt":"2021-06-29T18:37:46","guid":{"rendered":"https:\/\/warnerbrokers.ca\/notre-equipe\/victoria-perry\/"},"modified":"2025-04-02T15:38:55","modified_gmt":"2025-04-02T19:38:55","slug":"victoria-perry","status":"publish","type":"page","link":"https:\/\/warnerbrokers.ca\/fr\/notre-equipe\/victoria-perry\/","title":{"rendered":"Victoria Perry"},"content":{"rendered":"<p>[et_pb_section fb_built=\u00a0\u00bb1&Prime; _builder_version=\u00a0\u00bb4.16&Prime; custom_padding=\u00a0\u00bb0px||||false|false\u00a0\u00bb global_colors_info=\u00a0\u00bb{}\u00a0\u00bb theme_builder_area=\u00a0\u00bbpost_content\u00a0\u00bb][et_pb_row column_structure=\u00a0\u00bb1_3,2_3&Prime; _builder_version=\u00a0\u00bb4.16&Prime; width=\u00a0\u00bb100%\u00a0\u00bb custom_padding=\u00a0\u00bb0px||||false|false\u00a0\u00bb global_colors_info=\u00a0\u00bb{}\u00a0\u00bb theme_builder_area=\u00a0\u00bbpost_content\u00a0\u00bb][et_pb_column type=\u00a0\u00bb1_3&Prime; _builder_version=\u00a0\u00bb4.16&Prime; global_colors_info=\u00a0\u00bb{}\u00a0\u00bb theme_builder_area=\u00a0\u00bbpost_content\u00a0\u00bb][et_pb_blurb title=\u00a0\u00bbVictoria Perry\u00a0\u00bb image=\u00a0\u00bbhttps:\/\/warnerbrokers.ca\/wp-content\/uploads\/2025\/04\/VP-headshot-March-2025-1-2.jpg\u00a0\u00bb alt=\u00a0\u00bbVictoria Perry Headshot\u00a0\u00bb _builder_version=\u00a0\u00bb4.27.4&Prime; _module_preset=\u00a0\u00bb34edeb4a-627d-4462-a7f3-f1865e2dfc1c\u00a0\u00bb hover_enabled=\u00a0\u00bb0&Prime; global_colors_info=\u00a0\u00bb{}\u00a0\u00bb theme_builder_area=\u00a0\u00bbpost_content\u00a0\u00bb title_text=\u00a0\u00bbVP headshot March 2025 1&Prime; sticky_enabled=\u00a0\u00bb0&Prime;]<\/p>\n<p>B.A (contr\u00f4leur)<\/p>\n<p>[\/et_pb_blurb][\/et_pb_column][et_pb_column type=\u00a0\u00bb2_3&Prime; _builder_version=\u00a0\u00bb4.16&Prime; global_colors_info=\u00a0\u00bb{}\u00a0\u00bb theme_builder_area=\u00a0\u00bbpost_content\u00a0\u00bb][et_pb_text _builder_version=\u00a0\u00bb4.16&Prime; global_colors_info=\u00a0\u00bb{}\u00a0\u00bb theme_builder_area=\u00a0\u00bbpost_content\u00a0\u00bb]<\/p>\n<p> Victoria a grandi \u00e0 Cornwall, mais a fr\u00e9quent\u00e9 l&rsquo;Universit\u00e9 Carleton pour ses \u00e9tudes postsecondaires, obtenant un baccalaur\u00e9at sp\u00e9cialis\u00e9 en histoire. Apr\u00e8s avoir obtenu son dipl\u00f4me en 2005, Victoria est retourn\u00e9e \u00e0 Cornwall et travaille activement dans le secteur de l&rsquo;assurance depuis 2010. Victoria s&rsquo;est jointe \u00e0 l&rsquo;\u00e9quipe Warner en 2016 et s&rsquo;occupe de la comptabilit\u00e9, du marketing, de la publicit\u00e9 et de la technologie pour Warner Insurance et Assurance Champlain Insurance.<\/p>\n<h4>Informations de contact<\/h4>\n<p>T\u00e9l\u00e9phone: <a href=\"tel:6139327210\">613-932-7210<\/a><br \/>Courriel: <a href=\"mailto:victoria.perry@warnerbrokers.ca\">victoria.perry@warnerbrokers.ca<\/a><\/p>\n<p>[\/et_pb_text][\/et_pb_column][\/et_pb_row][\/et_pb_section]<\/p>\n","protected":false},"excerpt":{"rendered":"<p>B.A (contr\u00f4leur) Victoria a grandi \u00e0 Cornwall, mais a fr\u00e9quent\u00e9 l&rsquo;Universit\u00e9 Carleton pour ses \u00e9tudes postsecondaires, obtenant un baccalaur\u00e9at sp\u00e9cialis\u00e9 en histoire. Apr\u00e8s avoir obtenu son dipl\u00f4me en 2005, Victoria est retourn\u00e9e \u00e0 Cornwall et travaille activement dans le secteur de l&rsquo;assurance depuis 2010. Victoria s&rsquo;est jointe \u00e0 l&rsquo;\u00e9quipe Warner en 2016 et s&rsquo;occupe de [&hellip;]<\/p>\n","protected":false},"author":1,"featured_media":0,"parent":3528,"menu_order":0,"comment_status":"closed","ping_status":"closed","template":"","meta":{"_et_pb_use_builder":"on","_et_pb_old_content":"","_et_gb_content_width":"","footnotes":""},"class_list":["post-3558","page","type-page","status-publish","hentry"],"_links":{"self":[{"href":"https:\/\/warnerbrokers.ca\/fr\/wp-json\/wp\/v2\/pages\/3558","targetHints":{"allow":["GET"]}}],"collection":[{"href":"https:\/\/warnerbrokers.ca\/fr\/wp-json\/wp\/v2\/pages"}],"about":[{"href":"https:\/\/warnerbrokers.ca\/fr\/wp-json\/wp\/v2\/types\/page"}],"author":[{"embeddable":true,"href":"https:\/\/warnerbrokers.ca\/fr\/wp-json\/wp\/v2\/users\/1"}],"replies":[{"embeddable":true,"href":"https:\/\/warnerbrokers.ca\/fr\/wp-json\/wp\/v2\/comments?post=3558"}],"version-history":[{"count":6,"href":"https:\/\/warnerbrokers.ca\/fr\/wp-json\/wp\/v2\/pages\/3558\/revisions"}],"predecessor-version":[{"id":3923,"href":"https:\/\/warnerbrokers.ca\/fr\/wp-json\/wp\/v2\/pages\/3558\/revisions\/3923"}],"up":[{"embeddable":true,"href":"https:\/\/warnerbrokers.ca\/fr\/wp-json\/wp\/v2\/pages\/3528"}],"wp:attachment":[{"href":"https:\/\/warnerbrokers.ca\/fr\/wp-json\/wp\/v2\/media?parent=3558"}],"curies":[{"name":"wp","href":"https:\/\/api.w.org\/{rel}","templated":true}]}}