{"id":3546,"date":"2021-06-29T14:18:53","date_gmt":"2021-06-29T18:18:53","guid":{"rendered":"https:\/\/warnerbrokers.ca\/notre-equipe\/kerry-van-allen\/"},"modified":"2021-06-29T14:18:53","modified_gmt":"2021-06-29T18:18:53","slug":"kerry-van-allen","status":"publish","type":"page","link":"https:\/\/warnerbrokers.ca\/fr\/notre-equipe\/kerry-van-allen\/","title":{"rendered":"Kerry Van Allen"},"content":{"rendered":"<p>[et_pb_section fb_built=\u00a0\u00bb1&Prime; _builder_version=\u00a0\u00bb4.4.8&Prime; custom_padding=\u00a0\u00bb0px||||false|false\u00a0\u00bb][et_pb_row column_structure=\u00a0\u00bb1_3,2_3&Prime; _builder_version=\u00a0\u00bb4.9.2&Prime; width=\u00a0\u00bb100%\u00a0\u00bb custom_padding=\u00a0\u00bb0px||||false|false\u00a0\u00bb][et_pb_column type=\u00a0\u00bb1_3&Prime; _builder_version=\u00a0\u00bb4.4.8&Prime;][et_pb_blurb title=\u00a0\u00bbKerry Van Allen\u00a0\u00bb image=\u00a0\u00bbhttps:\/\/warnerbrokers.ca\/wp-content\/uploads\/2021\/04\/warner-team-2021_0004_kerry-van-allen.jpg\u00a0\u00bb alt=\u00a0\u00bbKerry Van Allen Headshot\u00a0\u00bb _builder_version=\u00a0\u00bb4.9.4&Prime; _module_preset=\u00a0\u00bb34edeb4a-627d-4462-a7f3-f1865e2dfc1c\u00a0\u00bb hover_enabled=\u00a0\u00bb0&Prime; title_text=\u00a0\u00bbwarner-team-2021_0004_kerry-van-allen\u00a0\u00bb sticky_enabled=\u00a0\u00bb0&Prime;]<\/p>\n<p>RIB (productrice)<\/p>\n<p>[\/et_pb_blurb][\/et_pb_column][et_pb_column type=\u00a0\u00bb2_3&Prime; _builder_version=\u00a0\u00bb4.4.8&Prime;][et_pb_text _builder_version=\u00a0\u00bb4.9.2&Prime;]<\/p>\n<p>Kerry Van Allen travaille chez Warner Insurance depuis 1994 et est courtier d&rsquo;assurance enregistr\u00e9 depuis 2003. Kerry travaille non seulement comme courtier, mais aussi comme assistante administrative pour le bureau. Kerry est impatient de vous aider et de r\u00e9pondre \u00e0 toutes vos questions concernant votre police.<\/p>\n<h4>Informations de contact<\/h4>\n<p>T\u00e9l\u00e9phone: <a href=\"tel:6139327210\">613-932-7210<\/a><br \/>Courriel: <a href=\"mailto:kerryv@warnerbrokers.ca\">kerryv@warnerbrokers.ca<\/a><\/p>\n<p>[\/et_pb_text][\/et_pb_column][\/et_pb_row][\/et_pb_section]<\/p>\n","protected":false},"excerpt":{"rendered":"<p>RIB (productrice)Kerry Van Allen travaille chez Warner Insurance depuis 1994 et est courtier d&rsquo;assurance enregistr\u00e9 depuis 2003. Kerry travaille non seulement comme courtier, mais aussi comme assistante administrative pour le bureau. Kerry est impatient de vous aider et de r\u00e9pondre \u00e0 toutes vos questions concernant votre police. Informations de contact T\u00e9l\u00e9phone: 613-932-7210Courriel: kerryv@warnerbrokers.ca<\/p>\n","protected":false},"author":1,"featured_media":0,"parent":3528,"menu_order":0,"comment_status":"closed","ping_status":"closed","template":"","meta":{"_et_pb_use_builder":"on","_et_pb_old_content":"","_et_gb_content_width":"","footnotes":""},"class_list":["post-3546","page","type-page","status-publish","hentry"],"_links":{"self":[{"href":"https:\/\/warnerbrokers.ca\/fr\/wp-json\/wp\/v2\/pages\/3546","targetHints":{"allow":["GET"]}}],"collection":[{"href":"https:\/\/warnerbrokers.ca\/fr\/wp-json\/wp\/v2\/pages"}],"about":[{"href":"https:\/\/warnerbrokers.ca\/fr\/wp-json\/wp\/v2\/types\/page"}],"author":[{"embeddable":true,"href":"https:\/\/warnerbrokers.ca\/fr\/wp-json\/wp\/v2\/users\/1"}],"replies":[{"embeddable":true,"href":"https:\/\/warnerbrokers.ca\/fr\/wp-json\/wp\/v2\/comments?post=3546"}],"version-history":[{"count":2,"href":"https:\/\/warnerbrokers.ca\/fr\/wp-json\/wp\/v2\/pages\/3546\/revisions"}],"predecessor-version":[{"id":3548,"href":"https:\/\/warnerbrokers.ca\/fr\/wp-json\/wp\/v2\/pages\/3546\/revisions\/3548"}],"up":[{"embeddable":true,"href":"https:\/\/warnerbrokers.ca\/fr\/wp-json\/wp\/v2\/pages\/3528"}],"wp:attachment":[{"href":"https:\/\/warnerbrokers.ca\/fr\/wp-json\/wp\/v2\/media?parent=3546"}],"curies":[{"name":"wp","href":"https:\/\/api.w.org\/{rel}","templated":true}]}}