{"id":3525,"date":"2021-06-29T14:00:15","date_gmt":"2021-06-29T18:00:15","guid":{"rendered":"https:\/\/warnerbrokers.ca\/john-d-warner\/"},"modified":"2021-06-29T14:00:15","modified_gmt":"2021-06-29T18:00:15","slug":"john-d-warner","status":"publish","type":"page","link":"https:\/\/warnerbrokers.ca\/fr\/notre-equipe\/john-d-warner\/","title":{"rendered":"John D. Warner"},"content":{"rendered":"<p>[et_pb_section fb_built=\u00a0\u00bb1&Prime; _builder_version=\u00a0\u00bb4.4.8&Prime; custom_padding=\u00a0\u00bb0px||||false|false\u00a0\u00bb][et_pb_row column_structure=\u00a0\u00bb1_3,2_3&Prime; _builder_version=\u00a0\u00bb4.9.2&Prime; width=\u00a0\u00bb100%\u00a0\u00bb custom_padding=\u00a0\u00bb0px||||false|false\u00a0\u00bb][et_pb_column type=\u00a0\u00bb1_3&Prime; _builder_version=\u00a0\u00bb4.4.8&Prime;][et_pb_blurb title=\u00a0\u00bbJohn D. Warner\u00a0\u00bb image=\u00a0\u00bbhttps:\/\/warnerbrokers.ca\/wp-content\/uploads\/2021\/04\/warner-team-2021_0005_john-warner.jpg\u00a0\u00bb alt=\u00a0\u00bbJohn Warner Headshot\u00a0\u00bb _builder_version=\u00a0\u00bb4.9.4&Prime; _module_preset=\u00a0\u00bb34edeb4a-627d-4462-a7f3-f1865e2dfc1c\u00a0\u00bb hover_enabled=\u00a0\u00bb0&Prime; title_text=\u00a0\u00bbwarner-team-2021_0005_john-warner\u00a0\u00bb sticky_enabled=\u00a0\u00bb0&Prime;]<\/p>\n<p>CIP (pr\u00e9sident)<\/p>\n<p>[\/et_pb_blurb][\/et_pb_column][et_pb_column type=\u00a0\u00bb2_3&Prime; _builder_version=\u00a0\u00bb4.4.8&Prime;][et_pb_text _builder_version=\u00a0\u00bb4.9.2&Prime;]<\/p>\n<p>John a commenc\u00e9 sa carri\u00e8re dans le domaine de l&rsquo;assurance \u00e0 Toronto en 1968 en tant que souscripteur d&rsquo;assurance g\u00e9n\u00e9rale des particuliers, d&rsquo;abord chez Canadian Surety, puis comme souscripteur de dommages chez Commercial Union. \u00c0 la fin des ann\u00e9es 70, il a travaill\u00e9 en Angleterre en tant que repr\u00e9sentant commercial pour la Wesleyan General Insurance Company. En 1990, avec l&rsquo;aide de la Ecclesiastical Insurance Company, John a constitu\u00e9 une maison de courtage sous son nom \u00e0 Cornwall, en Ontario. Plus tard en 1999, le bureau de Cornwall s&rsquo;est \u00e9tendu \u00e0 Vankleek Hill, sous le nom d&rsquo;Assurance Champlain Insurance.<\/p>\n<p> Apr\u00e8s 30 ans en affaires, John est heureux d&rsquo;avoir une excellente \u00e9quipe qui est fi\u00e8re de fournir un service client personnalis\u00e9 \u00e0 nos clients.<\/p>\n<h4>Informations de contact:<\/h4>\n<p>T\u00e9l\u00e9phone: <a href=\"tel:6139327210\">613-932-7210<\/a><br \/>Courriel: <a href=\"mailto:johnw@warnerbrokers.ca\">johnw@warnerbrokers.ca<\/a><\/p>\n<p>[\/et_pb_text][\/et_pb_column][\/et_pb_row][\/et_pb_section]<\/p>\n","protected":false},"excerpt":{"rendered":"<p>CIP (pr\u00e9sident)John a commenc\u00e9 sa carri\u00e8re dans le domaine de l&rsquo;assurance \u00e0 Toronto en 1968 en tant que souscripteur d&rsquo;assurance g\u00e9n\u00e9rale des particuliers, d&rsquo;abord chez Canadian Surety, puis comme souscripteur de dommages chez Commercial Union. \u00c0 la fin des ann\u00e9es 70, il a travaill\u00e9 en Angleterre en tant que repr\u00e9sentant commercial pour la Wesleyan General [&hellip;]<\/p>\n","protected":false},"author":1,"featured_media":0,"parent":3528,"menu_order":0,"comment_status":"closed","ping_status":"closed","template":"","meta":{"_et_pb_use_builder":"on","_et_pb_old_content":"","_et_gb_content_width":"","footnotes":""},"class_list":["post-3525","page","type-page","status-publish","hentry"],"_links":{"self":[{"href":"https:\/\/warnerbrokers.ca\/fr\/wp-json\/wp\/v2\/pages\/3525","targetHints":{"allow":["GET"]}}],"collection":[{"href":"https:\/\/warnerbrokers.ca\/fr\/wp-json\/wp\/v2\/pages"}],"about":[{"href":"https:\/\/warnerbrokers.ca\/fr\/wp-json\/wp\/v2\/types\/page"}],"author":[{"embeddable":true,"href":"https:\/\/warnerbrokers.ca\/fr\/wp-json\/wp\/v2\/users\/1"}],"replies":[{"embeddable":true,"href":"https:\/\/warnerbrokers.ca\/fr\/wp-json\/wp\/v2\/comments?post=3525"}],"version-history":[{"count":2,"href":"https:\/\/warnerbrokers.ca\/fr\/wp-json\/wp\/v2\/pages\/3525\/revisions"}],"predecessor-version":[{"id":3527,"href":"https:\/\/warnerbrokers.ca\/fr\/wp-json\/wp\/v2\/pages\/3525\/revisions\/3527"}],"up":[{"embeddable":true,"href":"https:\/\/warnerbrokers.ca\/fr\/wp-json\/wp\/v2\/pages\/3528"}],"wp:attachment":[{"href":"https:\/\/warnerbrokers.ca\/fr\/wp-json\/wp\/v2\/media?parent=3525"}],"curies":[{"name":"wp","href":"https:\/\/api.w.org\/{rel}","templated":true}]}}