{"id":3522,"date":"2021-06-29T13:56:55","date_gmt":"2021-06-29T17:56:55","guid":{"rendered":"https:\/\/warnerbrokers.ca\/carole-ross\/"},"modified":"2025-04-02T15:14:50","modified_gmt":"2025-04-02T19:14:50","slug":"carole-ross","status":"publish","type":"page","link":"https:\/\/warnerbrokers.ca\/fr\/notre-equipe\/carole-ross\/","title":{"rendered":"Carole Ross"},"content":{"rendered":"<p>[et_pb_section fb_built=\u00a0\u00bb1&Prime; _builder_version=\u00a0\u00bb4.16&Prime; custom_padding=\u00a0\u00bb0px||||false|false\u00a0\u00bb global_colors_info=\u00a0\u00bb{}\u00a0\u00bb theme_builder_area=\u00a0\u00bbpost_content\u00a0\u00bb][et_pb_row column_structure=\u00a0\u00bb1_3,2_3&Prime; _builder_version=\u00a0\u00bb4.16&Prime; width=\u00a0\u00bb100%\u00a0\u00bb custom_padding=\u00a0\u00bb0px||||false|false\u00a0\u00bb global_colors_info=\u00a0\u00bb{}\u00a0\u00bb theme_builder_area=\u00a0\u00bbpost_content\u00a0\u00bb][et_pb_column type=\u00a0\u00bb1_3&Prime; _builder_version=\u00a0\u00bb4.16&Prime; global_colors_info=\u00a0\u00bb{}\u00a0\u00bb theme_builder_area=\u00a0\u00bbpost_content\u00a0\u00bb][et_pb_blurb title=\u00a0\u00bbCarole Ross\u00a0\u00bb image=\u00a0\u00bbhttps:\/\/warnerbrokers.ca\/wp-content\/uploads\/2021\/04\/warner-team-2021_0006_carole-ross.jpg\u00a0\u00bb alt=\u00a0\u00bbCarole Ross Headshot\u00a0\u00bb _builder_version=\u00a0\u00bb4.16&Prime; _module_preset=\u00a0\u00bb34edeb4a-627d-4462-a7f3-f1865e2dfc1c\u00a0\u00bb global_colors_info=\u00a0\u00bb{}\u00a0\u00bb theme_builder_area=\u00a0\u00bbpost_content\u00a0\u00bb]<\/p>\n<p>RIB (productrice)<\/p>\n<p>[\/et_pb_blurb][\/et_pb_column][et_pb_column type=\u00a0\u00bb2_3&Prime; _builder_version=\u00a0\u00bb4.16&Prime; global_colors_info=\u00a0\u00bb{}\u00a0\u00bb theme_builder_area=\u00a0\u00bbpost_content\u00a0\u00bb][et_pb_text _builder_version=\u00a0\u00bb4.27.4&Prime; hover_enabled=\u00a0\u00bb0&Prime; global_colors_info=\u00a0\u00bb{}\u00a0\u00bb theme_builder_area=\u00a0\u00bbpost_content\u00a0\u00bb sticky_enabled=\u00a0\u00bb0&Prime;]<\/p>\n<p>Carole a obtenu sa licence de courtier en novembre 1982 et apporte plus de 40 ans d&rsquo;exp\u00e9rience en assurance \u00e0 Warner Insurance. Depuis son arriv\u00e9e dans l&rsquo;\u00e9quipe en 2015, Carole a continu\u00e9 \u00e0 offrir un excellent service \u00e0 nos clients. Elle poss\u00e8de les connaissances et l&rsquo;exp\u00e9rience sur lesquelles vous pouvez compter. Carole est \u00e9galement parfaitement bilingue et peut servir votre police en fran\u00e7ais ou en anglais.<\/p>\n<h4>Informations de contact\/h4><\/p>\n<p>T\u00e9l\u00e9phone: <a href=\"tel:6139327210\">613-932-7210<\/a><br \/>Courriel: <a href=\"mailto:carole.ross@warnerbrokers.ca\">carole.ross@warnerbrokers.ca <\/a><\/p>\n<p>[\/et_pb_text][\/et_pb_column][\/et_pb_row][\/et_pb_section]<\/p>\n","protected":false},"excerpt":{"rendered":"<p>RIB (productrice)Carole a obtenu sa licence de courtier en novembre 1982 et apporte plus de 40 ans d&rsquo;exp\u00e9rience en assurance \u00e0 Warner Insurance. Depuis son arriv\u00e9e dans l&rsquo;\u00e9quipe en 2015, Carole a continu\u00e9 \u00e0 offrir un excellent service \u00e0 nos clients. Elle poss\u00e8de les connaissances et l&rsquo;exp\u00e9rience sur lesquelles vous pouvez compter. Carole est \u00e9galement [&hellip;]<\/p>\n","protected":false},"author":1,"featured_media":0,"parent":3528,"menu_order":0,"comment_status":"closed","ping_status":"closed","template":"","meta":{"_et_pb_use_builder":"on","_et_pb_old_content":"","_et_gb_content_width":"","footnotes":""},"class_list":["post-3522","page","type-page","status-publish","hentry"],"_links":{"self":[{"href":"https:\/\/warnerbrokers.ca\/fr\/wp-json\/wp\/v2\/pages\/3522","targetHints":{"allow":["GET"]}}],"collection":[{"href":"https:\/\/warnerbrokers.ca\/fr\/wp-json\/wp\/v2\/pages"}],"about":[{"href":"https:\/\/warnerbrokers.ca\/fr\/wp-json\/wp\/v2\/types\/page"}],"author":[{"embeddable":true,"href":"https:\/\/warnerbrokers.ca\/fr\/wp-json\/wp\/v2\/users\/1"}],"replies":[{"embeddable":true,"href":"https:\/\/warnerbrokers.ca\/fr\/wp-json\/wp\/v2\/comments?post=3522"}],"version-history":[{"count":4,"href":"https:\/\/warnerbrokers.ca\/fr\/wp-json\/wp\/v2\/pages\/3522\/revisions"}],"predecessor-version":[{"id":3927,"href":"https:\/\/warnerbrokers.ca\/fr\/wp-json\/wp\/v2\/pages\/3522\/revisions\/3927"}],"up":[{"embeddable":true,"href":"https:\/\/warnerbrokers.ca\/fr\/wp-json\/wp\/v2\/pages\/3528"}],"wp:attachment":[{"href":"https:\/\/warnerbrokers.ca\/fr\/wp-json\/wp\/v2\/media?parent=3522"}],"curies":[{"name":"wp","href":"https:\/\/api.w.org\/{rel}","templated":true}]}}