{"id":3476,"date":"2021-06-29T11:08:05","date_gmt":"2021-06-29T15:08:05","guid":{"rendered":"https:\/\/warnerbrokers.ca\/conditions-dutilisation\/"},"modified":"2021-06-29T11:08:06","modified_gmt":"2021-06-29T15:08:06","slug":"conditions-dutilisation","status":"publish","type":"page","link":"https:\/\/warnerbrokers.ca\/fr\/conditions-dutilisation\/","title":{"rendered":"Conditions d&rsquo;utilisation"},"content":{"rendered":"\n<h3 class=\"wp-block-heading\">Acceptation des conditions<\/h3>\n\n<p>En acc\u00e9dant et en naviguant sur ce site Web, les visiteurs acceptent, sans limitation ni r\u00e9serve, les conditions g\u00e9n\u00e9rales ci-dessous et toutes les lois applicables. John D. Warner Insurance Brokers Inc. peut \u00e0 tout moment r\u00e9viser ces modalit\u00e9s et conditions en mettant \u00e0 jour cette publication. Les utilisateurs acceptent d&rsquo;\u00eatre li\u00e9s par de telles r\u00e9visions et doivent p\u00e9riodiquement consulter cette page pour consulter les conditions g\u00e9n\u00e9rales actuelles.<\/p>\n\n<h3 class=\"wp-block-heading\">Exactitude des informations<\/h3>\n\n<p>Bien que le contenu de ce site Web soit jug\u00e9 fiable lorsqu&rsquo;il est affich\u00e9, John D. Warner Insurance Brokers Inc. ne peut garantir que ces renseignements sont \u00e0 jour, exacts ou complets. Les informations sont sujettes \u00e0 modification et mise \u00e0 jour de temps en temps sans pr\u00e9avis.<\/p>\n\n<h3 class=\"wp-block-heading\">Droits d&rsquo;auteur et marques de commerce<\/h3>\n\n<p>Tout le contenu de ce site Web est la propri\u00e9t\u00e9 de John D. Warner Insurance Brokers Inc. et est prot\u00e9g\u00e9 en vertu des lois sur les droits d&rsquo;auteur du Canada et d&rsquo;autres pays. Tous les droits sont r\u00e9serv\u00e9s. De plus, certaines informations sur ce site Web peuvent \u00eatre prot\u00e9g\u00e9es par des droits d&rsquo;auteur par d&rsquo;autres. Les informations sur ce site Web ne peuvent \u00eatre reproduites ou distribu\u00e9es \u00e0 toute autre fin, en tout ou en partie, sans le consentement \u00e9crit pr\u00e9alable de John D. Warner Insurance Brokers Inc. Toute violation des droits de John D. Warner Insurance Brokers Inc. entra\u00eener une action en justice appropri\u00e9e.<\/p>\n\n<h3 class=\"wp-block-heading\">Liens hypertexte<\/h3>\n\n<p>Ce site Web facilite d&rsquo;autres sites Web mondiaux via des liens hypertextes. Ces liens hypertextes sont enti\u00e8rement ind\u00e9pendants de John D. Warner Insurance Brokers Inc. et ne doivent en aucun cas \u00eatre interpr\u00e9t\u00e9s comme une r\u00e9flexion ou une affiliation ou une approbation de ce site ou entit\u00e9 ou de ses produits, services ou contributions respectifs \u00e0 ce site Web.<\/p>\n\n<p>John D. Warner Insurance Brokers Inc. n&rsquo;examine pas fr\u00e9quemment les sites Web li\u00e9s. Le droit de reproduire et d&rsquo;utiliser le contenu li\u00e9 de John D. Warner Insurance Brokers Inc. \u00e0 d&rsquo;autres sites Web est (1) soumis aux conditions que les propri\u00e9taires respectifs peuvent imposer, et (2) est \u00e0 vos propres risques.<\/p>\n\n<p>De mani\u00e8re g\u00e9n\u00e9rale, vous pouvez reproduire ces pages dans le but de les parcourir, ou de fournir des liens hypertextes vers celles-ci, \u00e0 condition de ne pas conserver ces pages sous une forme de stockage fixe et non volatile apr\u00e8s votre session de navigation. Ces autorisations peuvent \u00eatre retir\u00e9es \u00e0 tout moment sans pr\u00e9avis.<\/p>\n\n<h3 class=\"wp-block-heading\">E-mail<\/h3>\n\n<p>John D. Warner Insurance Brokers Inc. n&rsquo;acceptera pas les transactions ou les instructions par e-mail Internet. Cependant, des questions d&rsquo;ordre g\u00e9n\u00e9ral ou des demandes de renseignements peuvent \u00eatre communiqu\u00e9es en nous envoyant un e-mail.<\/p>\n\n<p>Toute communication qui nous est transmise par voie \u00e9lectronique devient la propri\u00e9t\u00e9 de John D. Warner Insurance Brokers Inc. ou de ses soci\u00e9t\u00e9s affili\u00e9es et peut \u00eatre utilis\u00e9e \u00e0 n&rsquo;importe quelle fin. John D. Warner Insurance Brokers Inc. est libre d&rsquo;utiliser toute id\u00e9e contenue dans toute communication qui nous est envoy\u00e9e \u00e0 quelque fin que ce soit, y compris, mais sans s&rsquo;y limiter, le d\u00e9veloppement, la fabrication et la commercialisation de produits utilisant ces informations.<\/p>\n\n<h3 class=\"wp-block-heading\">Contenu<\/h3>\n\n<p>Les informations sur ce site Web ne visent pas \u00e0 fournir des conseils professionnels, y compris, sans limitation, des conseils financiers, juridiques, comptables ou fiscaux, et ne doivent pas \u00eatre invoqu\u00e9es \u00e0 cet \u00e9gard.<\/p>\n\n<h3 class=\"wp-block-heading\">La disponibilit\u00e9 des produit<\/h3>\n\n<p>Les produits et services mentionn\u00e9s sur ce site Web peuvent ne pas \u00eatre disponibles dans toutes les r\u00e9gions g\u00e9ographiques. Tous les produits et services fournis par les fournisseurs participants sur le site Web de John D. Warner Insurance Brokers Inc. sont soumis aux modalit\u00e9s, conditions et limitations de chaque fournisseur et peuvent \u00eatre modifi\u00e9s sans pr\u00e9avis.<\/p>\n\n<h3 class=\"wp-block-heading\">Responsabilit\u00e9<\/h3>\n\n<p>John D. Warner Insurance Brokers Inc., ses actionnaires, ses soci\u00e9t\u00e9s affili\u00e9es, ses dirigeants, administrateurs, employ\u00e9s ou toute personne associ\u00e9e \u00e0 la cr\u00e9ation de ce site Web, ne sont PAS responsables de quelque mani\u00e8re que ce soit de tout pr\u00e9judice, perte ou dommage pouvant survenir connexion avec ou via l&rsquo;utilisation de ce site Web, y compris, sans s&rsquo;y limiter, tout dommage direct, indirect, sp\u00e9cial, tiers ou cons\u00e9cutif, quelle qu&rsquo;en soit la cause.<\/p>\n\n<p>En acc\u00e9dant et en naviguant sur ce site Web, les visiteurs conviennent que les lois de l&rsquo;Ontario et du Canada s&rsquo;appliquent \u00e0 tout probl\u00e8me pouvant survenir avec John D. Warner Insurance Brokers Inc. concernant ce site, et de r\u00e9gler ce diff\u00e9rend devant les tribunaux de l&rsquo;Ontario.<\/p>\n\n<h3 class=\"wp-block-heading\">D\u00e9claration l\u00e9gale<\/h3>\n\n<p>Les devis d&rsquo;assurance fournis par John D. Warner Insurance Brokers Inc. sont bas\u00e9s sur les informations que vous, l&rsquo;utilisateur, fournissez et sur les crit\u00e8res de souscription de nos soci\u00e9t\u00e9s participantes. Tous les devis sont sujets \u00e0 v\u00e9rification par nos fournisseurs d&rsquo;assurance. Veuillez-vous assurer que toutes les informations fournies sont exactes afin d&rsquo;\u00e9viter tout retard ou refus de couverture.<\/p>\n\n<p>En cas de divergence entre les devis fournis par ce syst\u00e8me et les devis \u00e9tablis par nos fournisseurs d&rsquo;assurance sur la base des m\u00eames informations, les devis \u00e9tablis par nos fournisseurs d&rsquo;assurance pr\u00e9vaudront.<\/p>\n\n<p>Si vous ou l&rsquo;une des personnes \u00e9num\u00e9r\u00e9es sur votre demande d&rsquo;assurance avez d\u00e9j\u00e0 \u00e9t\u00e9 condamn\u00e9 pour fraude \u00e0 l&rsquo;assurance, tous les assureurs \u00e9num\u00e9r\u00e9s sur le site deJ ohn D. Warner Insurance Brokers Inc. se r\u00e9serve le droit de refuser d&rsquo;\u00e9mettre un contrat d&rsquo;assurance sur la base de ce fait.<\/p>\n\n<p>Les avantages et services fournis via ce site Web sont soumis aux termes, conditions et limitations du ou des accords applicables qui les r\u00e9gissent.<\/p>\n\n<h3 class=\"wp-block-heading\">Divulgation<\/h3>\n\n<p>Merci d&rsquo;\u00eatre notre client. Nous appr\u00e9cions la confiance que vous nous accordez en tant que courtier d&rsquo;assurance; et nous ferons tout notre possible pour continuer \u00e0 gagner votre confiance et votre bonne volont\u00e9. Notre objectif est de vous proposer une protection d&rsquo;assurance appropri\u00e9e, combinant des conseils d&rsquo;experts \u00e0 une couverture adapt\u00e9e \u00e0 vos besoins, ainsi qu&rsquo;une maintenance continue des polices et un soutien aux r\u00e9clamations.<\/p>\n\n<h3 class=\"wp-block-heading\">Comment nous sommes pay\u00e9s pour nos services:<\/h3>\n\n<p>Pour les services d&rsquo;assurance que nous vous fournissons, nous recevons un pourcentage de votre prime d&rsquo;assurance annuelle sous forme de commission, vers\u00e9e par votre compagnie d&rsquo;assurance. Notre commission typique est de 12,5% sur les polices d&rsquo;assurance automobile de l&rsquo;Ontario et de 20% sur les polices de biens personnels et commerciaux. Ce pourcentage de commission nous est vers\u00e9, \u00e0 chaque terme de la police, tant pour les nouvelles polices que pour les renouvellements. De plus, nous avons conclu des accords sur les b\u00e9n\u00e9fices conditionnels avec plusieurs des assureurs que nous repr\u00e9sentons. Avec ces accords, nous pouvons \u00eatre admissibles \u00e0 une r\u00e9mun\u00e9ration suppl\u00e9mentaire si nous respectons certaines exigences li\u00e9es aux ratios de croissance, de r\u00e9tention et de perte. Pour une ventilation d\u00e9taill\u00e9e des commissions fournies par la compagnie d&rsquo;assurance, veuillez visiter notre page de ressources.<\/p>\n\n<p>John D. Warner Insurance Brokers Inc. est une propri\u00e9t\u00e9 priv\u00e9e et compl\u00e8tement ind\u00e9pendante. Il n&rsquo;y a aucune participation directe ou indirecte de la part d&rsquo;une compagnie d&rsquo;assurance ou d&rsquo;une institution financi\u00e8re. Il n&rsquo;y a pas de conflit d&rsquo;int\u00e9r\u00eats dans notre relation avec vous, notre structure de r\u00e9mun\u00e9ration ne prend pas en compte les conseils en assurance que nous vous fournissons, nos recommandations sont toujours bas\u00e9es sur notre meilleure compr\u00e9hension et \u00e9valuation de vos besoins.<\/p>\n\n<p>Pour plus d&rsquo;informations, n&rsquo;h\u00e9sitez pas \u00e0 nous contacter.<\/p>\n","protected":false},"excerpt":{"rendered":"<p>Acceptation des conditions En acc\u00e9dant et en naviguant sur ce site Web, les visiteurs acceptent, sans limitation ni r\u00e9serve, les conditions g\u00e9n\u00e9rales ci-dessous et toutes les lois applicables. John D. Warner Insurance Brokers Inc. peut \u00e0 tout moment r\u00e9viser ces modalit\u00e9s et conditions en mettant \u00e0 jour cette publication. Les utilisateurs acceptent d&rsquo;\u00eatre li\u00e9s par [&hellip;]<\/p>\n","protected":false},"author":1,"featured_media":0,"parent":0,"menu_order":0,"comment_status":"closed","ping_status":"closed","template":"","meta":{"_et_pb_use_builder":"off","_et_pb_old_content":"","_et_gb_content_width":"","footnotes":""},"class_list":["post-3476","page","type-page","status-publish","hentry"],"_links":{"self":[{"href":"https:\/\/warnerbrokers.ca\/fr\/wp-json\/wp\/v2\/pages\/3476","targetHints":{"allow":["GET"]}}],"collection":[{"href":"https:\/\/warnerbrokers.ca\/fr\/wp-json\/wp\/v2\/pages"}],"about":[{"href":"https:\/\/warnerbrokers.ca\/fr\/wp-json\/wp\/v2\/types\/page"}],"author":[{"embeddable":true,"href":"https:\/\/warnerbrokers.ca\/fr\/wp-json\/wp\/v2\/users\/1"}],"replies":[{"embeddable":true,"href":"https:\/\/warnerbrokers.ca\/fr\/wp-json\/wp\/v2\/comments?post=3476"}],"version-history":[{"count":1,"href":"https:\/\/warnerbrokers.ca\/fr\/wp-json\/wp\/v2\/pages\/3476\/revisions"}],"predecessor-version":[{"id":3477,"href":"https:\/\/warnerbrokers.ca\/fr\/wp-json\/wp\/v2\/pages\/3476\/revisions\/3477"}],"wp:attachment":[{"href":"https:\/\/warnerbrokers.ca\/fr\/wp-json\/wp\/v2\/media?parent=3476"}],"curies":[{"name":"wp","href":"https:\/\/api.w.org\/{rel}","templated":true}]}}