{"id":3474,"date":"2021-06-29T11:03:13","date_gmt":"2021-06-29T15:03:13","guid":{"rendered":"https:\/\/warnerbrokers.ca\/telematique\/"},"modified":"2021-06-29T11:03:14","modified_gmt":"2021-06-29T15:03:14","slug":"telematique","status":"publish","type":"page","link":"https:\/\/warnerbrokers.ca\/fr\/telematique\/","title":{"rendered":"T\u00e9l\u00e9matique"},"content":{"rendered":"\n<h2 class=\"wp-block-heading\">Pr\u00e8s de chez vous l\u00e0 o\u00f9 \u00e7a compte le plus.<\/h2>\n\n<p>Qu&rsquo;est-ce que la t\u00e9l\u00e9matique? En un mot, la t\u00e9l\u00e9matique est un appareil install\u00e9 dans votre v\u00e9hicule pour enregistrer votre comportement de conduite. Ils sont fournis par certaines compagnies d&rsquo;assurance dans le cadre de programmes sp\u00e9ciaux qui permettent de meilleures r\u00e9ductions pour une conduite plus s\u00fbre. Ils aident \u00e0 analyser votre comportement de conduite comme la vitesse \u00e0 laquelle vous conduisez, la force avec laquelle vous freinez et la distance que vous parcourez.<\/p>\n\n<p>Certaines compagnies d&rsquo;assurance sont pass\u00e9es d&rsquo;un appareil physique install\u00e9 dans votre voiture \u00e0 une application qui peut \u00eatre t\u00e9l\u00e9charg\u00e9e sur votre t\u00e9l\u00e9phone.<\/p>\n\n<p>Si vous avez des questions sur la t\u00e9l\u00e9matique ou si vous vous demandez si la compagnie d\u2019assurance avec laquelle vous travaillez propose ce programme, n\u2019h\u00e9sitez pas\u00a0<a href=\"https:\/\/warnerbrokers.ca\/fr\/a-propos-du-courtage\/contact\/\">\u00e0 nous appeler<\/a>\u00a0et \u00e0 en discuter davantage.<\/p>\n","protected":false},"excerpt":{"rendered":"<p>Pr\u00e8s de chez vous l\u00e0 o\u00f9 \u00e7a compte le plus. Qu&rsquo;est-ce que la t\u00e9l\u00e9matique? En un mot, la t\u00e9l\u00e9matique est un appareil install\u00e9 dans votre v\u00e9hicule pour enregistrer votre comportement de conduite. Ils sont fournis par certaines compagnies d&rsquo;assurance dans le cadre de programmes sp\u00e9ciaux qui permettent de meilleures r\u00e9ductions pour une conduite plus s\u00fbre. [&hellip;]<\/p>\n","protected":false},"author":1,"featured_media":0,"parent":0,"menu_order":0,"comment_status":"closed","ping_status":"closed","template":"","meta":{"_et_pb_use_builder":"off","_et_pb_old_content":"","_et_gb_content_width":"","footnotes":""},"class_list":["post-3474","page","type-page","status-publish","hentry"],"_links":{"self":[{"href":"https:\/\/warnerbrokers.ca\/fr\/wp-json\/wp\/v2\/pages\/3474","targetHints":{"allow":["GET"]}}],"collection":[{"href":"https:\/\/warnerbrokers.ca\/fr\/wp-json\/wp\/v2\/pages"}],"about":[{"href":"https:\/\/warnerbrokers.ca\/fr\/wp-json\/wp\/v2\/types\/page"}],"author":[{"embeddable":true,"href":"https:\/\/warnerbrokers.ca\/fr\/wp-json\/wp\/v2\/users\/1"}],"replies":[{"embeddable":true,"href":"https:\/\/warnerbrokers.ca\/fr\/wp-json\/wp\/v2\/comments?post=3474"}],"version-history":[{"count":1,"href":"https:\/\/warnerbrokers.ca\/fr\/wp-json\/wp\/v2\/pages\/3474\/revisions"}],"predecessor-version":[{"id":3475,"href":"https:\/\/warnerbrokers.ca\/fr\/wp-json\/wp\/v2\/pages\/3474\/revisions\/3475"}],"wp:attachment":[{"href":"https:\/\/warnerbrokers.ca\/fr\/wp-json\/wp\/v2\/media?parent=3474"}],"curies":[{"name":"wp","href":"https:\/\/api.w.org\/{rel}","templated":true}]}}