{"id":3433,"date":"2021-06-29T09:39:59","date_gmt":"2021-06-29T13:39:59","guid":{"rendered":"https:\/\/warnerbrokers.ca\/reclamations\/"},"modified":"2021-06-29T09:39:59","modified_gmt":"2021-06-29T13:39:59","slug":"reclamations","status":"publish","type":"page","link":"https:\/\/warnerbrokers.ca\/fr\/reclamations\/","title":{"rendered":"R\u00e9clamations"},"content":{"rendered":"\n<h2 class=\"wp-block-heading\">En cas de r\u00e9clamation, nous sommes l\u00e0 pour vous. Veuillez appeler notre bureau au 613-932-7210<\/h2>\n\n<p>Si une r\u00e9clamation survient lorsque notre bureau est ferm\u00e9, une aide d&rsquo;urgence est toujours disponible. Les num\u00e9ros d&rsquo;urgence 24 heures sur 24 suivants sont r\u00e9pertori\u00e9s ci-dessous:<\/p>\n\n<div class=\"wp-block-divi-layout\">[et_pb_section fb_built=\u00a0\u00bb1&Prime; _builder_version=\u00a0\u00bb4.9.2&Prime; _module_preset=\u00a0\u00bbdefault\u00a0\u00bb custom_padding=\u00a0\u00bb0px||0px||true|false\u00a0\u00bb][et_pb_row _builder_version=\u00a0\u00bb4.9.2&Prime; _module_preset=\u00a0\u00bbdefault\u00a0\u00bb width=\u00a0\u00bb100%\u00a0\u00bb locked=\u00a0\u00bboff\u00a0\u00bb][et_pb_column type=\u00a0\u00bb4_4&Prime; _builder_version=\u00a0\u00bb4.9.2&Prime; _module_preset=\u00a0\u00bbdefault\u00a0\u00bb][et_pb_blog fullwidth=\u00a0\u00bboff\u00a0\u00bb post_type=\u00a0\u00bbemergency-number\u00a0\u00bb posts_number=\u00a0\u00bb99&Prime; show_content=\u00a0\u00bbon\u00a0\u00bb show_author=\u00a0\u00bboff\u00a0\u00bb show_date=\u00a0\u00bboff\u00a0\u00bb show_categories=\u00a0\u00bboff\u00a0\u00bb show_pagination=\u00a0\u00bboff\u00a0\u00bb module_class=\u00a0\u00bbpa-blog-image-1-1&Prime; _builder_version=\u00a0\u00bb4.9.2&Prime; _module_preset=\u00a0\u00bbdefault\u00a0\u00bb custom_css_title=\u00a0\u00bbpadding-bottom: 5px;||pointer-events: none;||cursor: default;||text-decoration: none;\u00a0\u00bb custom_css_post_meta=\u00a0\u00bbdisplay: none;\u00a0\u00bb custom_css_featured_image=\u00a0\u00bbpadding: 40px;||pointer-events: none;||cursor: default;||text-decoration: none;\u00a0\u00bb border_radii=\u00a0\u00bbon|5px|5px|5px|5px\u00a0\u00bb border_color_all=\u00a0\u00bb#E6ECEC\u00a0\u00bb border_width_bottom_image=\u00a0\u00bb1px\u00a0\u00bb border_color_bottom_image=\u00a0\u00bb#E6ECEC\u00a0\u00bb][\/et_pb_blog][\/et_pb_column][\/et_pb_row][\/et_pb_section]<\/div>\n","protected":false},"excerpt":{"rendered":"<p>En cas de r\u00e9clamation, nous sommes l\u00e0 pour vous. Veuillez appeler notre bureau au 613-932-7210 Si une r\u00e9clamation survient lorsque notre bureau est ferm\u00e9, une aide d&rsquo;urgence est toujours disponible. Les num\u00e9ros d&rsquo;urgence 24 heures sur 24 suivants sont r\u00e9pertori\u00e9s ci-dessous:<\/p>\n","protected":false},"author":1,"featured_media":0,"parent":0,"menu_order":0,"comment_status":"closed","ping_status":"closed","template":"","meta":{"_et_pb_use_builder":"on","_et_pb_old_content":"","_et_gb_content_width":"","footnotes":""},"class_list":["post-3433","page","type-page","status-publish","hentry"],"_links":{"self":[{"href":"https:\/\/warnerbrokers.ca\/fr\/wp-json\/wp\/v2\/pages\/3433","targetHints":{"allow":["GET"]}}],"collection":[{"href":"https:\/\/warnerbrokers.ca\/fr\/wp-json\/wp\/v2\/pages"}],"about":[{"href":"https:\/\/warnerbrokers.ca\/fr\/wp-json\/wp\/v2\/types\/page"}],"author":[{"embeddable":true,"href":"https:\/\/warnerbrokers.ca\/fr\/wp-json\/wp\/v2\/users\/1"}],"replies":[{"embeddable":true,"href":"https:\/\/warnerbrokers.ca\/fr\/wp-json\/wp\/v2\/comments?post=3433"}],"version-history":[{"count":1,"href":"https:\/\/warnerbrokers.ca\/fr\/wp-json\/wp\/v2\/pages\/3433\/revisions"}],"predecessor-version":[{"id":3434,"href":"https:\/\/warnerbrokers.ca\/fr\/wp-json\/wp\/v2\/pages\/3433\/revisions\/3434"}],"wp:attachment":[{"href":"https:\/\/warnerbrokers.ca\/fr\/wp-json\/wp\/v2\/media?parent=3433"}],"curies":[{"name":"wp","href":"https:\/\/api.w.org\/{rel}","templated":true}]}}