{"id":3427,"date":"2021-06-29T09:30:44","date_gmt":"2021-06-29T13:30:44","guid":{"rendered":"https:\/\/warnerbrokers.ca\/entreprise\/ferme\/"},"modified":"2021-06-29T09:30:44","modified_gmt":"2021-06-29T13:30:44","slug":"ferme","status":"publish","type":"page","link":"https:\/\/warnerbrokers.ca\/fr\/entreprise\/ferme\/","title":{"rendered":"Ferme"},"content":{"rendered":"\n<p>Nous sommes conscients que l&rsquo;agriculture est un m\u00e9tier difficile et exigeant. Votre d\u00e9vouement \u00e0 votre entreprise prend du temps. Votre ferme est unique, importante pour vous et un \u00e9l\u00e9ment vital de la communaut\u00e9. Nous pouvons fournir des couvertures adapt\u00e9es \u00e0 vos op\u00e9rations agricoles personnelles et sp\u00e9cifiques avec une vari\u00e9t\u00e9 d&rsquo;options forfaitaires et non forfaitaires. Nous croyons \u00e9galement que votre protection doit \u00eatre appuy\u00e9e par une entreprise qui fait preuve d&rsquo;innovation, de motivation et d&rsquo;int\u00e9grit\u00e9 et qui a la vision d&rsquo;\u00eatre reconnue comme la norme d&rsquo;excellence en assurance mutuelle au Canada. Nous sommes heureux de repr\u00e9senter une telle compagnie\u2014Grenville Mutual Insurance Company\u2014ils seront l\u00e0 pour vous quand vous en aurez besoin.<\/p>\n","protected":false},"excerpt":{"rendered":"<p>Nous sommes conscients que l&rsquo;agriculture est un m\u00e9tier difficile et exigeant. Votre d\u00e9vouement \u00e0 votre entreprise prend du temps. Votre ferme est unique, importante pour vous et un \u00e9l\u00e9ment vital de la communaut\u00e9. Nous pouvons fournir des couvertures adapt\u00e9es \u00e0 vos op\u00e9rations agricoles personnelles et sp\u00e9cifiques avec une vari\u00e9t\u00e9 d&rsquo;options forfaitaires et non forfaitaires. Nous [&hellip;]<\/p>\n","protected":false},"author":1,"featured_media":0,"parent":3358,"menu_order":0,"comment_status":"closed","ping_status":"closed","template":"","meta":{"_et_pb_use_builder":"off","_et_pb_old_content":"","_et_gb_content_width":"","footnotes":""},"class_list":["post-3427","page","type-page","status-publish","hentry"],"_links":{"self":[{"href":"https:\/\/warnerbrokers.ca\/fr\/wp-json\/wp\/v2\/pages\/3427","targetHints":{"allow":["GET"]}}],"collection":[{"href":"https:\/\/warnerbrokers.ca\/fr\/wp-json\/wp\/v2\/pages"}],"about":[{"href":"https:\/\/warnerbrokers.ca\/fr\/wp-json\/wp\/v2\/types\/page"}],"author":[{"embeddable":true,"href":"https:\/\/warnerbrokers.ca\/fr\/wp-json\/wp\/v2\/users\/1"}],"replies":[{"embeddable":true,"href":"https:\/\/warnerbrokers.ca\/fr\/wp-json\/wp\/v2\/comments?post=3427"}],"version-history":[{"count":1,"href":"https:\/\/warnerbrokers.ca\/fr\/wp-json\/wp\/v2\/pages\/3427\/revisions"}],"predecessor-version":[{"id":3428,"href":"https:\/\/warnerbrokers.ca\/fr\/wp-json\/wp\/v2\/pages\/3427\/revisions\/3428"}],"up":[{"embeddable":true,"href":"https:\/\/warnerbrokers.ca\/fr\/wp-json\/wp\/v2\/pages\/3358"}],"wp:attachment":[{"href":"https:\/\/warnerbrokers.ca\/fr\/wp-json\/wp\/v2\/media?parent=3427"}],"curies":[{"name":"wp","href":"https:\/\/api.w.org\/{rel}","templated":true}]}}