{"id":3421,"date":"2021-06-29T09:19:17","date_gmt":"2021-06-29T13:19:17","guid":{"rendered":"https:\/\/warnerbrokers.ca\/entreprise\/responsabilite-commerciale\/"},"modified":"2021-06-29T09:19:18","modified_gmt":"2021-06-29T13:19:18","slug":"responsabilite-commerciale","status":"publish","type":"page","link":"https:\/\/warnerbrokers.ca\/fr\/entreprise\/responsabilite-commerciale\/","title":{"rendered":"Responsabilit\u00e9 commerciale"},"content":{"rendered":"\n<h2 class=\"wp-block-heading\">Soumissions d&rsquo;assurance en Ontario<\/h2>\n\n<h4 class=\"wp-block-heading\">Pensez \u00e0 Warner Insurance<\/h4>\n\n<p>L&rsquo;assurance responsabilit\u00e9 civile commerciale est l&rsquo;un des types de couverture d&rsquo;assurance les plus importants dont vous avez besoin pour prot\u00e9ger votre entreprise. Que vous soyez un entrepreneur, que vous poss\u00e9diez votre propre entreprise de consultation ou que vous travailliez comme ouvrier sp\u00e9cialis\u00e9, l&rsquo;assurance responsabilit\u00e9 civile g\u00e9n\u00e9rale est une \u00e9tape importante pour prot\u00e9ger vos activit\u00e9s commerciales.<\/p>\n\n<h4 class=\"wp-block-heading\">Qu&rsquo;est-ce que l&rsquo;assurance responsabilit\u00e9 civile commerciale et pourquoi en ai-je besoin?<\/h4>\n\n<p>Poss\u00e9der et exploiter votre propre entreprise vous expose \u00e0 divers risques de responsabilit\u00e9. Avoir la bonne assurance responsabilit\u00e9 civile commerciale peut aider \u00e0 att\u00e9nuer les risques et \u00e0 \u00e9viter des pertes importantes r\u00e9sultant de circonstances impr\u00e9vues. L&rsquo;assurance responsabilit\u00e9 civile commerciale offre une protection pour votre entreprise contre les r\u00e9clamations pour dommages caus\u00e9s par des tiers et dommages mat\u00e9riels survenant dans vos locaux ou en raison d&rsquo;op\u00e9rations et de produits. Il peut \u00e9galement offrir une protection contre les frais de d\u00e9fense r\u00e9sultant de la responsabilit\u00e9 publicitaire et des dommages corporels.<\/p>\n\n<p>Dans le cas o\u00f9 votre entreprise serait jug\u00e9e responsable des blessures caus\u00e9es \u00e0 une autre personne ou des dommages \u00e0 ses biens, le co\u00fbt peut \u00eatre exorbitant. Avec une assurance responsabilit\u00e9 civile professionnelle, vous pouvez \u00eatre assur\u00e9 d\u2019\u00eatre prot\u00e9g\u00e9.<\/p>\n\n<p><strong>Il existe un certain nombre de couvertures suppl\u00e9mentaires disponibles que vous pouvez ajouter \u00e0 votre police d&rsquo;assurance responsabilit\u00e9 civile professionnelle, notamment:<\/strong>&#13;\n<\/p>\n\n<ul class=\"wp-block-list\"><li>Responsabilit\u00e9 civile automobile des non-propri\u00e9taires<\/li><li>Responsabilit\u00e9 juridique des locataires<\/li><li>Couverture de violation de la vie priv\u00e9e<\/li><li>Responsabilit\u00e9 du parapluie<\/li><li>Couverture des administrateurs et des dirigeants<\/li><li>Erreurs et omissions<\/li><\/ul>\n\n<h4 class=\"wp-block-heading\">Combien co\u00fbte l&rsquo;assurance responsabilit\u00e9 civile commerciale?<\/h4>\n\n<p>Le co\u00fbt de votre assurance responsabilit\u00e9 civile commerciale variera en fonction du secteur d&rsquo;activit\u00e9 de votre entreprise. Par exemple, une entreprise servant de l&rsquo;alcool par rapport \u00e0 une entreprise offrant des services de conseil en marketing pr\u00e9sente deux types de risques tr\u00e8s diff\u00e9rents.<\/p>\n\n<p><strong>Voici des exemples de ce \u00e0 quoi vous pouvez vous attendre du co\u00fbt annuel de l&rsquo;assurance responsabilit\u00e9 civile commerciale pour 1 000 000 $ en assurance responsabilit\u00e9 civile.<\/strong>&#13;\n<\/p>\n\n<ul class=\"wp-block-list\"><li>Restaurants &#8211; \u00c0 partir de 500 $ \/ an<\/li><li>Entreprises de construction &#8211; \u00c0 partir de 600 $ \/ an<\/li><li>Professionnels de la sant\u00e9 &#8211; \u00c0 partir de 500 $ \/ an<\/li><li>Professionnels de bureau &#8211; \u00c0 partir de 300 $ \/ an<\/li><\/ul>\n\n<p>Avoir la politique la moins ch\u00e8re pour votre entreprise n&rsquo;est pas la bonne d\u00e9cision. Nos courtiers prendront le temps de comprendre votre entreprise pour \u00eatre en mesure de garantir que vous \u00eates couvert en cas de sinistre. Cependant, nous prendrons le temps de magasiner votre assurance responsabilit\u00e9 civile professionnelle aupr\u00e8s de nos fournisseurs pour nous assurer que vous obtenez le meilleur tarif pour votre couverture.<\/p>\n\n<h4 class=\"wp-block-heading\">Comment obtenir une assurance responsabilit\u00e9 civile commerciale aupr\u00e8s des courtiers d&rsquo;assurances John D. Warner?<\/h4>\n\n<p>Nos courtiers Warner Insurance commenceront toujours la conversation en apprenant \u00e0 en savoir plus sur votre entreprise. Cela nous permet de comprendre vos op\u00e9rations, vos expositions aux risques, vos revenus, vos sous-traitants et vos clients. Une fois que nous aurons votre demande d\u00fbment remplie en notre possession, nos courtiers ach\u00e8teront votre devis aupr\u00e8s de plusieurs compagnies d&rsquo;assurance responsabilit\u00e9 civile professionnelle qui se sp\u00e9cialisent dans votre cat\u00e9gorie d&rsquo;entreprise. Contactez-nous d\u00e8s aujourd&rsquo;hui.<\/p>\n","protected":false},"excerpt":{"rendered":"<p>Soumissions d&rsquo;assurance en Ontario Pensez \u00e0 Warner Insurance L&rsquo;assurance responsabilit\u00e9 civile commerciale est l&rsquo;un des types de couverture d&rsquo;assurance les plus importants dont vous avez besoin pour prot\u00e9ger votre entreprise. Que vous soyez un entrepreneur, que vous poss\u00e9diez votre propre entreprise de consultation ou que vous travailliez comme ouvrier sp\u00e9cialis\u00e9, l&rsquo;assurance responsabilit\u00e9 civile g\u00e9n\u00e9rale est [&hellip;]<\/p>\n","protected":false},"author":1,"featured_media":0,"parent":3358,"menu_order":0,"comment_status":"closed","ping_status":"closed","template":"","meta":{"_et_pb_use_builder":"off","_et_pb_old_content":"","_et_gb_content_width":"","footnotes":""},"class_list":["post-3421","page","type-page","status-publish","hentry"],"_links":{"self":[{"href":"https:\/\/warnerbrokers.ca\/fr\/wp-json\/wp\/v2\/pages\/3421","targetHints":{"allow":["GET"]}}],"collection":[{"href":"https:\/\/warnerbrokers.ca\/fr\/wp-json\/wp\/v2\/pages"}],"about":[{"href":"https:\/\/warnerbrokers.ca\/fr\/wp-json\/wp\/v2\/types\/page"}],"author":[{"embeddable":true,"href":"https:\/\/warnerbrokers.ca\/fr\/wp-json\/wp\/v2\/users\/1"}],"replies":[{"embeddable":true,"href":"https:\/\/warnerbrokers.ca\/fr\/wp-json\/wp\/v2\/comments?post=3421"}],"version-history":[{"count":1,"href":"https:\/\/warnerbrokers.ca\/fr\/wp-json\/wp\/v2\/pages\/3421\/revisions"}],"predecessor-version":[{"id":3422,"href":"https:\/\/warnerbrokers.ca\/fr\/wp-json\/wp\/v2\/pages\/3421\/revisions\/3422"}],"up":[{"embeddable":true,"href":"https:\/\/warnerbrokers.ca\/fr\/wp-json\/wp\/v2\/pages\/3358"}],"wp:attachment":[{"href":"https:\/\/warnerbrokers.ca\/fr\/wp-json\/wp\/v2\/media?parent=3421"}],"curies":[{"name":"wp","href":"https:\/\/api.w.org\/{rel}","templated":true}]}}