{"id":3419,"date":"2021-06-29T09:14:49","date_gmt":"2021-06-29T13:14:49","guid":{"rendered":"https:\/\/warnerbrokers.ca\/entreprise\/automobile-commerciale\/"},"modified":"2021-06-29T09:14:50","modified_gmt":"2021-06-29T13:14:50","slug":"automobile-commerciale","status":"publish","type":"page","link":"https:\/\/warnerbrokers.ca\/fr\/entreprise\/automobile-commerciale\/","title":{"rendered":"Automobile commerciale"},"content":{"rendered":"\n<h2 class=\"wp-block-heading\">Soumissions d&rsquo;assurance en Ontario<\/h2>\n\n<h4 class=\"wp-block-heading\"><strong>Pensez \u00e0 Warner Insurance<\/strong><\/h4>\n\n<p>Si vous poss\u00e9dez une entreprise qui n\u00e9cessite l&rsquo;utilisation d&rsquo;un v\u00e9hicule de soci\u00e9t\u00e9 ou que vous utilisez votre v\u00e9hicule personnel \u00e0 des fins professionnelles, assurez-vous d&rsquo;\u00eatre couvert par une assurance automobile commerciale. Cela comprend la conduite pour les programmes de covoiturage (Uber, Lyft), la r\u00e9alisation de vos livraisons, la conduite entre les chantiers de construction ou le transport de passagers.<\/p>\n\n<h4 class=\"wp-block-heading\">Qu&rsquo;est-ce que l&rsquo;assurance automobile commerciale et pourquoi en ai-je besoin?<\/h4>\n\n<p>L&rsquo;assurance des v\u00e9hicules commerciaux est con\u00e7ue pour couvrir toute utilisation commerciale de votre v\u00e9hicule. Si vous utilisez votre v\u00e9hicule pour des besoins professionnels plut\u00f4t que pour vos besoins personnels, vous aurez peut-\u00eatre besoin d&rsquo;une assurance automobile pour votre automobile. Nous vous recommandons toujours de consulter votre courtier Warner Insurance pour v\u00e9rifier si une assurance commerciale est requise pour vous. Ne pas avoir de politique commerciale lorsque vous en avez besoin vous rend vuln\u00e9rable au risque.<\/p>\n\n<p><strong>Voici quelques \u00e9l\u00e9ments de couverture importants qu&rsquo;une police d&rsquo;assurance automobile commerciale peut inclure:<\/strong><\/p>\n\n<ul class=\"wp-block-list\"><li>Couverture de responsabilit\u00e9<\/li><li>Blessure corporelle ou m\u00e9dicale<\/li><li>Couverture compl\u00e8te<\/li><li>Couverture de collision<\/li><li>Blessure \u00e0 vous, vos chauffeurs ou passagers employ\u00e9s<\/li><li>Responsabilit\u00e9 de chargement et de d\u00e9chargement<\/li><li>Couverture du v\u00e9hicule de remplacement<\/li><\/ul>\n\n<p>Votre entreprise est unique pour vous et une couverture sp\u00e9cialis\u00e9e doit donc \u00eatre appliqu\u00e9e pour vos besoins individuels. Par exemple, si vous poss\u00e9dez de nombreux v\u00e9hicules \u00e0 des fins professionnelles, une politique de flotte commerciale peut \u00eatre mise en \u0153uvre pour couvrir plusieurs v\u00e9hicules commerciaux.<\/p>\n\n<p><strong>Dans la majorit\u00e9 des cas, si vous utilisez votre v\u00e9hicule pour l&rsquo;une des raisons suivantes, vous aurez probablement besoin d&rsquo;une assurance automobile commerciale:<\/strong><\/p>\n\n<ul class=\"wp-block-list\"><li>Vous transportez ou livrez des biens, des mat\u00e9riaux ou des marchandises<\/li><li>Vous transportez du mat\u00e9riel ou des outils<\/li><li>Votre v\u00e9hicule est utilis\u00e9 pour la formation des conducteurs<\/li><li>Vous transportez des clients pour quelque raison que ce soit<\/li><\/ul>\n\n<h4 class=\"wp-block-heading\">Ai-je besoin d&rsquo;une assurance automobile commerciale ou d&rsquo;une assurance automobile personnelle?<\/h4>\n\n<p>L\u2019une des questions les plus fr\u00e9quentes que l\u2019on nous pose est \u00abai-je besoin d\u2019une assurance automobile commerciale ou est-elle couverte par mon assurance automobile personnelle?\u00bb. La principale diff\u00e9rence entre l&rsquo;assurance des v\u00e9hicules commerciaux et l&rsquo;assurance automobile personnelle est que l&rsquo;assurance des v\u00e9hicules commerciaux a une couverture plus sp\u00e9cialis\u00e9e pour plusieurs conducteurs et a tendance \u00e0 avoir des limites de couverture de responsabilit\u00e9 plus \u00e9lev\u00e9es. Certains types d&rsquo;utilisation commerciale peuvent en effet \u00eatre couverts par votre assurance automobile personnelle, mais \u00e0 moins que vous ne soyez un sp\u00e9cialiste en assurance, ne prenez pas cette d\u00e9cision vous-m\u00eame.<\/p>\n\n<p><strong>Voici quelques-unes des raisons pour lesquelles vous devrez peut-\u00eatre souscrire une assurance automobile commerciale pour votre v\u00e9hicule:&#13;\n<\/strong><\/p>\n\n<ul class=\"wp-block-list\"><li>Vous utilisez votre v\u00e9hicule \u00e0 des fins professionnelles<\/li><li>Votre v\u00e9hicule est enregistr\u00e9 pour un usage commercial<\/li><li>Vous utilisez votre v\u00e9hicule pour la formation des conducteurs<\/li><li>Vous \u00eates un service de taxi (y compris Uber ou Lyft)<\/li><li>Vos employ\u00e9s utilisent leurs v\u00e9hicules pour votre entreprise<\/li><li>Vous utilisez votre entreprise pour conduire entre les chantiers de construction (si vous \u00eates un entrepreneur par exemple)&#13;\n<\/li><li>Vous effectuez des livraisons en utilisant le v\u00e9hicule<\/li><\/ul>\n\n<p>Si votre entreprise ne figure pas sur cette liste, ne partez pas du principe que vous n\u2019avez pas besoin d\u2019une couverture d\u2019assurance automobile commerciale. Un appel t\u00e9l\u00e9phonique rapide \u00e0 un courtier d&rsquo;assurance Warner sera en mesure de r\u00e9pondre \u00e0 cette question pour vous.<\/p>\n\n<h4 class=\"wp-block-heading\">L&rsquo;assurance automobile commerciale couvre-t-elle le covoiturage Uber?<\/h4>\n\n<p>L&rsquo;industrie du taxi \u00e9volue et les applications de covoiturage sont de plus en plus utilis\u00e9es. Si vous cherchez \u00e0 devenir chauffeur pour Uber ou Lyft, assurez-vous d&rsquo;avoir une couverture d&rsquo;assurance v\u00e9hicule professionnel. Nos courtiers Warner Insurance travaillent avec des entreprises qui seront en mesure de fournir une couverture commerciale pour votre v\u00e9hicule que votre assurance automobile personnelle ne couvre g\u00e9n\u00e9ralement pas lorsque vous utilisez votre v\u00e9hicule pour le covoiturage.<\/p>\n\n<h4 class=\"wp-block-heading\">Combien co\u00fbte l&rsquo;assurance automobile commerciale?<\/h4>\n\n<p><strong>Le co\u00fbt de l&rsquo;assurance automobile commerciale varie. Il existe un certain nombre de facteurs qui d\u00e9terminent le co\u00fbt de votre prime d&rsquo;assurance automobile commerciale. Ceux-ci inclus:<\/strong><\/p>\n\n<ul class=\"wp-block-list\"><li>Type et nombre de v\u00e9hicules<\/li><li>Dossiers de conduite des employ\u00e9s<\/li><li>Montant de la couverture<\/li><li>D\u00e9ductible<\/li><li>Que vous poss\u00e9diez ou louiez le v\u00e9hicule<\/li><\/ul>\n\n<p><strong>Nos courtiers comprennent que vous voulez vous assurer d&rsquo;obtenir le meilleur prix pour la couverture dont vous avez besoin. Nous prendrons le temps de comprendre de quelle couverture vous avez besoin et nous vous informerons \u00e9galement de tous les rabais et \u00e9conomies disponibles. Ceux-ci peuvent inclure:<\/strong><\/p>\n\n<ul class=\"wp-block-list\"><li>Remises multi-politiques<\/li><li>Remises t\u00e9l\u00e9matiques<\/li><li>Rabais sur les pneus d&rsquo;hiver<\/li><li>Rabais sur les appareils antivol<\/li><li>R\u00e9clamation de remises gratuites<\/li><\/ul>\n\n<h4 class=\"wp-block-heading\">Comment obtenir une assurance automobile commerciale aupr\u00e8s des courtiers d&rsquo;assurances John D. Warner?<\/h4>\n\n<p>Vous pouvez commencer par remplir notre formulaire de soumission en ligne pour votre assurance automobile de soci\u00e9t\u00e9 avec Warner Insurance. Nous ferons des emplettes dans diff\u00e9rentes compagnies d&rsquo;assurance automobile commerciale en votre nom pour trouver la compagnie d&rsquo;assurance la plus appropri\u00e9e offrant la couverture dont vous avez besoin au meilleur prix possible.<\/p>\n","protected":false},"excerpt":{"rendered":"<p>Soumissions d&rsquo;assurance en Ontario Pensez \u00e0 Warner Insurance Si vous poss\u00e9dez une entreprise qui n\u00e9cessite l&rsquo;utilisation d&rsquo;un v\u00e9hicule de soci\u00e9t\u00e9 ou que vous utilisez votre v\u00e9hicule personnel \u00e0 des fins professionnelles, assurez-vous d&rsquo;\u00eatre couvert par une assurance automobile commerciale. Cela comprend la conduite pour les programmes de covoiturage (Uber, Lyft), la r\u00e9alisation de vos livraisons, [&hellip;]<\/p>\n","protected":false},"author":1,"featured_media":0,"parent":3358,"menu_order":0,"comment_status":"closed","ping_status":"closed","template":"","meta":{"_et_pb_use_builder":"off","_et_pb_old_content":"","_et_gb_content_width":"","footnotes":""},"class_list":["post-3419","page","type-page","status-publish","hentry"],"_links":{"self":[{"href":"https:\/\/warnerbrokers.ca\/fr\/wp-json\/wp\/v2\/pages\/3419","targetHints":{"allow":["GET"]}}],"collection":[{"href":"https:\/\/warnerbrokers.ca\/fr\/wp-json\/wp\/v2\/pages"}],"about":[{"href":"https:\/\/warnerbrokers.ca\/fr\/wp-json\/wp\/v2\/types\/page"}],"author":[{"embeddable":true,"href":"https:\/\/warnerbrokers.ca\/fr\/wp-json\/wp\/v2\/users\/1"}],"replies":[{"embeddable":true,"href":"https:\/\/warnerbrokers.ca\/fr\/wp-json\/wp\/v2\/comments?post=3419"}],"version-history":[{"count":1,"href":"https:\/\/warnerbrokers.ca\/fr\/wp-json\/wp\/v2\/pages\/3419\/revisions"}],"predecessor-version":[{"id":3420,"href":"https:\/\/warnerbrokers.ca\/fr\/wp-json\/wp\/v2\/pages\/3419\/revisions\/3420"}],"up":[{"embeddable":true,"href":"https:\/\/warnerbrokers.ca\/fr\/wp-json\/wp\/v2\/pages\/3358"}],"wp:attachment":[{"href":"https:\/\/warnerbrokers.ca\/fr\/wp-json\/wp\/v2\/media?parent=3419"}],"curies":[{"name":"wp","href":"https:\/\/api.w.org\/{rel}","templated":true}]}}