{"id":3400,"date":"2021-06-28T16:36:02","date_gmt":"2021-06-28T20:36:02","guid":{"rendered":"https:\/\/warnerbrokers.ca\/maison\/propriete-locative\/"},"modified":"2021-06-28T16:36:02","modified_gmt":"2021-06-28T20:36:02","slug":"propriete-locative","status":"publish","type":"page","link":"https:\/\/warnerbrokers.ca\/fr\/maison\/propriete-locative\/","title":{"rendered":"Propri\u00e9t\u00e9 locative"},"content":{"rendered":"\n<h2 class=\"wp-block-heading\">Soumissions d&rsquo;assurance propri\u00e9taire en Ontario<\/h2>\n\n<h4 class=\"wp-block-heading\">Pensez \u00e0 Warner Insurance<\/h4>\n\n<p>Avant de louer votre propri\u00e9t\u00e9 g\u00e9n\u00e9ratrice de revenus, vous devez prot\u00e9ger votre investissement avec une assurance propri\u00e9taire. Devenir propri\u00e9taire est un moyen fantastique de g\u00e9n\u00e9rer des revenus. Cependant, votre assurance habitation traditionnelle peut ne pas vous couvrir. Votre propri\u00e9t\u00e9 locative est une cat\u00e9gorie de risque diff\u00e9rente de celle d&rsquo;une maison occup\u00e9e par le propri\u00e9taire.<\/p>\n\n<h4 class=\"wp-block-heading\">Qu&rsquo;est-ce que l&rsquo;assurance propri\u00e9taire et pourquoi en ai-je besoin?<\/h4>\n\n<p>De nombreux propri\u00e9taires comptent sur les revenus locatifs mensuels de leurs locataires. Que feriez-vous si votre logement devenait endommag\u00e9 et inhabitable? Pourriez-vous vous permettre de vous passer des revenus locatifs pendant une p\u00e9riode prolong\u00e9e? De plus, en tant que propri\u00e9taire, vous pourriez \u00e9galement \u00eatre tenu responsable des accidents des locataires sur votre propri\u00e9t\u00e9. Pourriez-vous vous permettre de couvrir ces d\u00e9penses? L&rsquo;assurance propri\u00e9taire vous offre la protection financi\u00e8re que l&rsquo;assurance habitation standard ne couvre g\u00e9n\u00e9ralement pas.<\/p>\n\n<p>La plupart des polices d\u2019assurance du propri\u00e9taire sont personnalis\u00e9es pour r\u00e9pondre aux besoins du client, mais il existe des options de couverture que vous verrez g\u00e9n\u00e9ralement dans votre assurance de b\u00e2timent du propri\u00e9taire.<\/p>\n\n<p><strong>Couverture de la structure<\/strong> \u2013 Il s&rsquo;agit de la protection contre la responsabilit\u00e9 de la structure r\u00e9elle que vous louez. Cela peut inclure des hangars, des garages ou des structures similaires sur la propri\u00e9t\u00e9 que vous louez.<\/p>\n\n<p><strong>Protection \u00e9quitable des revenus locatifs<\/strong> \u2013 Si vous devez \u00e9vacuer votre propri\u00e9t\u00e9, votre assurance propri\u00e9taire paiera vos revenus locatifs jusqu&rsquo;\u00e0 un montant pr\u00e9d\u00e9termin\u00e9.<\/p>\n\n<p><strong>Selon votre fournisseur d&rsquo;assurance, vous pourriez \u00eatre admissible \u00e0 une couverture suppl\u00e9mentaire, notamment:<\/strong><\/p>\n\n<ul class=\"wp-block-list\"><li>Couverture contre le vol<\/li><li>Loyer impay\u00e9<\/li><li>Protection contre le vandalisme<\/li><\/ul>\n\n<p>Votre courtier en assurance Warner peut v\u00e9rifier si vous pouvez ajouter un avenant de location \u00e0 votre assurance habitation existante. Il est \u00e0 noter qu&rsquo;en cas de r\u00e9clamation sur le bien locatif, cela pourrait avoir une incidence sur vos tarifs d&rsquo;assurance habitation \u00e0 l&rsquo;avenir.<\/p>\n\n<h4 class=\"wp-block-heading\">Combien co\u00fbte l&rsquo;assurance propri\u00e9taire?<\/h4>\n\n<p>Lors de l&rsquo;obtention de devis d&rsquo;assurance propri\u00e9taire, plusieurs facteurs ont une incidence sur votre prime d&rsquo;assurance. Cela comprend le nombre de locataires que vous louez et le type de propri\u00e9t\u00e9. Par exemple, les baux \u00e0 court terme sont souvent consid\u00e9r\u00e9s comme un risque plus \u00e9lev\u00e9. Donc, la location \u00e0 des \u00e9tudiants par rapport \u00e0 la location \u00e0 une famille, aura des niveaux de risque diff\u00e9rents.<\/p>\n\n<p><strong>De plus, \u00e0 l&rsquo;instar de votre assurance habitation, il existe des facteurs li\u00e9s \u00e0 la propri\u00e9t\u00e9 elle-m\u00eame. Ceci comprend:<\/strong><\/p>\n\n<ul class=\"wp-block-list\"><li>Emplacement<\/li><li>Chauffage<\/li><li>\u00c9lectrique<\/li><li>Plomberie<\/li><li>Contenu<\/li><\/ul>\n\n<p>Certaines compagnies d&rsquo;assurance offrent des rabais si vos locataires ont leur propre assurance de contenu. Adressez-vous \u00e0 votre courtier d&rsquo;assurance Warner pour obtenir des conseils sur la r\u00e9duction de votre prime d&rsquo;assurance propri\u00e9taire.<\/p>\n\n<h4 class=\"wp-block-heading\">Comment puis-je souscrire \u00e0 une assurance locative avec Warner Insurance?<\/h4>\n\n<p>D\u00e9marrez votre soumission d&rsquo;assurance habitation locative en ligne sur notre site Web. Pour finaliser votre achat, votre courtier d&rsquo;assurance Warner examinera votre soumission avec vous et cherchera \u00e0 voir s&rsquo;il existe d&rsquo;autres moyens de sauvegarder ou d&rsquo;identifier les domaines dans lesquels vous pourriez avoir besoin d&rsquo;une couverture suppl\u00e9mentaire. Contactez-nous d\u00e8s aujourd&rsquo;hui pour un devis sans engagement!<\/p>\n","protected":false},"excerpt":{"rendered":"<p>Soumissions d&rsquo;assurance propri\u00e9taire en Ontario Pensez \u00e0 Warner Insurance Avant de louer votre propri\u00e9t\u00e9 g\u00e9n\u00e9ratrice de revenus, vous devez prot\u00e9ger votre investissement avec une assurance propri\u00e9taire. Devenir propri\u00e9taire est un moyen fantastique de g\u00e9n\u00e9rer des revenus. Cependant, votre assurance habitation traditionnelle peut ne pas vous couvrir. Votre propri\u00e9t\u00e9 locative est une cat\u00e9gorie de risque diff\u00e9rente [&hellip;]<\/p>\n","protected":false},"author":1,"featured_media":0,"parent":3346,"menu_order":0,"comment_status":"closed","ping_status":"closed","template":"","meta":{"_et_pb_use_builder":"off","_et_pb_old_content":"","_et_gb_content_width":"","footnotes":""},"class_list":["post-3400","page","type-page","status-publish","hentry"],"_links":{"self":[{"href":"https:\/\/warnerbrokers.ca\/fr\/wp-json\/wp\/v2\/pages\/3400","targetHints":{"allow":["GET"]}}],"collection":[{"href":"https:\/\/warnerbrokers.ca\/fr\/wp-json\/wp\/v2\/pages"}],"about":[{"href":"https:\/\/warnerbrokers.ca\/fr\/wp-json\/wp\/v2\/types\/page"}],"author":[{"embeddable":true,"href":"https:\/\/warnerbrokers.ca\/fr\/wp-json\/wp\/v2\/users\/1"}],"replies":[{"embeddable":true,"href":"https:\/\/warnerbrokers.ca\/fr\/wp-json\/wp\/v2\/comments?post=3400"}],"version-history":[{"count":1,"href":"https:\/\/warnerbrokers.ca\/fr\/wp-json\/wp\/v2\/pages\/3400\/revisions"}],"predecessor-version":[{"id":3401,"href":"https:\/\/warnerbrokers.ca\/fr\/wp-json\/wp\/v2\/pages\/3400\/revisions\/3401"}],"up":[{"embeddable":true,"href":"https:\/\/warnerbrokers.ca\/fr\/wp-json\/wp\/v2\/pages\/3346"}],"wp:attachment":[{"href":"https:\/\/warnerbrokers.ca\/fr\/wp-json\/wp\/v2\/media?parent=3400"}],"curies":[{"name":"wp","href":"https:\/\/api.w.org\/{rel}","templated":true}]}}