{"id":3396,"date":"2021-06-28T16:27:14","date_gmt":"2021-06-28T20:27:14","guid":{"rendered":"https:\/\/warnerbrokers.ca\/maison\/chalet\/"},"modified":"2021-06-28T16:27:15","modified_gmt":"2021-06-28T20:27:15","slug":"chalet","status":"publish","type":"page","link":"https:\/\/warnerbrokers.ca\/fr\/maison\/chalet\/","title":{"rendered":"Chalet"},"content":{"rendered":"\n<h2 class=\"wp-block-heading\">Devis d&rsquo;assurance chalet en Ontario<\/h2>\n\n<h4 class=\"wp-block-heading\">Pensez \u00e0 Warner Insurance<\/h4>\n\n<p>Chez Warner Insurance, nous comprenons que certains des meilleurs moments sont pass\u00e9s au chalet familial. Votre chalet est non seulement un tr\u00e9sor sentimental mais aussi un atout pr\u00e9cieux. Si vous n&rsquo;y passez que quelques mois de l\u2019ann\u00e9e ou si vous l\u2019utilisez toute l\u2019ann\u00e9e, il est important de vous assurer qu\u2019il est assur\u00e9. Il y a plusieurs choses \u00e0 consid\u00e9rer lors de la souscription d&rsquo;une assurance r\u00e9sidence secondaire, alors assurez-vous de contacter votre courtier Warner Insurance afin qu&rsquo;il puisse vous aider.<\/p>\n\n<h4 class=\"wp-block-heading\">Qu&rsquo;est-ce que l&rsquo;assurance chalet et pourquoi en ai-je besoin?<\/h4>\n\n<p>Votre chalet est votre \u00e9vasion du stress du quotidien. Ainsi, votre maison loin de chez vous devrait avoir une assurance pour la prot\u00e9ger de la m\u00eame mani\u00e8re que vous prot\u00e9gez votre r\u00e9sidence principale. L&rsquo;assurance habitation saisonni\u00e8re est tr\u00e8s similaire \u00e0 l&rsquo;assurance de votre r\u00e9sidence principale. En effet, plusieurs compagnies d&rsquo;assurances assureront votre chalet sur votre police d&rsquo;assurance habitation. Vous pourriez \u00e9galement avoir une assurance chalet sur une police distincte si cela fonctionne mieux pour vous. Le type de r\u00e9clamation d&rsquo;assurance le plus courant est celui des d\u00e9g\u00e2ts d&rsquo;eau. Si vous n&rsquo;utilisez votre chalet que de fa\u00e7on saisonni\u00e8re, il est conseill\u00e9 d&rsquo;installer des alarmes de temp\u00e9rature et d&rsquo;eau pour vous avertir des conduites gel\u00e9es ou des inondations. Certains assureurs peuvent offrir des rabais aux propri\u00e9taires de chalets avec des mesures pr\u00e9ventives comme celles-ci.<\/p>\n\n<p>Un autre d\u00e9fi avec les chalets est que les sources de chauffage comprennent souvent une chemin\u00e9e ou un po\u00eale \u00e0 bois. Ces ajouts pittoresques \u00e0 votre chalet peuvent \u00eatre assur\u00e9s tant qu&rsquo;ils ont \u00e9t\u00e9 inspect\u00e9s par des professionnels.<\/p>\n\n<p>Vous devez informer votre assureur pour habitation de vacances si vous louez votre chalet \u00e0 des tiers. Votre courtier d&rsquo;assurance peut confirmer si cela est autoris\u00e9 par votre assureur et s&rsquo;assurer que vous avez une couverture appropri\u00e9e. Si vous louez votre chalet \u00e0 des tiers, par exemple via Airbnb, il est imp\u00e9ratif d&rsquo;obtenir une responsabilit\u00e9 civile pour vous prot\u00e9ger en cas de blessure sur votre propri\u00e9t\u00e9.<\/p>\n\n<h4 class=\"wp-block-heading\">Combien co\u00fbte l&rsquo;assurance chalet?<\/h4>\n\n<p>Assurer votre propri\u00e9t\u00e9 peut \u00e9viter des r\u00e9parations non d\u00e9sir\u00e9es ou des factures de remplacement \u00e0 l&rsquo;avenir.<\/p>\n\n<p><strong>Plusieurs facteurs influencent le co\u00fbt de votre assurance chalet:<\/strong><\/p>\n\n<ul class=\"wp-block-list\"><li><strong>Emplacement<\/strong> &#8211; lorsque vous recherchez une assurance habitation secondaire, votre emplacement est essentiel. La proximit\u00e9 d&rsquo;un plan d&rsquo;eau, les bornes d&rsquo;incendie et le risque d&rsquo;inondation de la r\u00e9gion peuvent tous jouer un r\u00f4le dans le co\u00fbt de votre assurance. Plusieurs compagnies d&rsquo;assurance ne prendront pas en consid\u00e9ration votre propri\u00e9t\u00e9 si elle se trouve dans un endroit \u00e0 haut risque d&rsquo;inondation.<\/li><li><strong>Chauffage<\/strong> &#8211; comment votre propri\u00e9t\u00e9 est-elle chauff\u00e9e? Le chauffage au mazout augmentait g\u00e9n\u00e9ralement vos primes d&rsquo;assurance en raison du risque de fuite par rapport au propane, \u00e0 l&rsquo;\u00e9lectricit\u00e9 ou au gaz. De plus, si vous avez des po\u00eales \u00e0 bois comme principale source de chauffage, ils co\u00fbteront plus cher \u00e0 l&rsquo;assurance.<\/li><li><strong>Mat\u00e9riaux de construction<\/strong> &#8211; l&rsquo;assurance cabine peut \u00eatre plus co\u00fbteuse si les mat\u00e9riaux sont plus risqu\u00e9s ou plus co\u00fbteux \u00e0 remplacer. Les maisons en rondins sont plus ch\u00e8res \u00e0 assurer car les co\u00fbts de r\u00e9paration sont plus \u00e9lev\u00e9s.<\/li><li><strong>Co\u00fbt de remplacement<\/strong> &#8211; si votre chalet est situ\u00e9 dans un endroit \u00e9loign\u00e9, le transport des mat\u00e9riaux \u00e0 cet endroit peut \u00eatre plus co\u00fbteux que votre propri\u00e9t\u00e9 elle-m\u00eame. M\u00eame si la maison ne vaut que tr\u00e8s peu, le co\u00fbt de remplacement peut \u00eatre sup\u00e9rieur \u00e0 la valeur.<\/li><\/ul>\n\n<p>Une fa\u00e7on d&rsquo;\u00e9conomiser sur votre assurance chalet est gr\u00e2ce \u00e0 votre assurance habitation. Si votre chalet est meubl\u00e9 avec des articles d&rsquo;occasion et des articles moins chers, vous pourriez \u00e9conomiser de l&rsquo;argent si vous \u00eates \u00e0 l&rsquo;aise avec une couverture moindre du contenu. Parlez \u00e0 un courtier des rabais suppl\u00e9mentaires qui pourraient vous faire \u00e9conomiser de l&rsquo;argent sur votre assurance chalet.<\/p>\n\n<h4 class=\"wp-block-heading\">Comment obtenir une assurance chalet avec Warner Insurance?<\/h4>\n\n<p>Il est r\u00e9confortant de demander \u00e0 un courtier Warner Insurance de faire vos recherches \u00e0 votre place. Ils travaillent toujours pour vous &#8211; et non pour la compagnie d\u2019assurance &#8211; en comparant les devis et les plans pour trouver la couverture et le prix qui correspondent exactement \u00e0 votre situation particuli\u00e8re.<\/p>\n\n<p>Contactez-nous d\u00e8s aujourd&rsquo;hui en remplissant un formulaire de devis ou en nous appelant directement. Pensez \u00e0 Warner Insurance. Nous sommes l\u00e0 pour vous.<\/p>\n","protected":false},"excerpt":{"rendered":"<p>Devis d&rsquo;assurance chalet en Ontario Pensez \u00e0 Warner Insurance Chez Warner Insurance, nous comprenons que certains des meilleurs moments sont pass\u00e9s au chalet familial. Votre chalet est non seulement un tr\u00e9sor sentimental mais aussi un atout pr\u00e9cieux. Si vous n&rsquo;y passez que quelques mois de l\u2019ann\u00e9e ou si vous l\u2019utilisez toute l\u2019ann\u00e9e, il est important [&hellip;]<\/p>\n","protected":false},"author":1,"featured_media":0,"parent":3346,"menu_order":0,"comment_status":"closed","ping_status":"closed","template":"","meta":{"_et_pb_use_builder":"off","_et_pb_old_content":"","_et_gb_content_width":"","footnotes":""},"class_list":["post-3396","page","type-page","status-publish","hentry"],"_links":{"self":[{"href":"https:\/\/warnerbrokers.ca\/fr\/wp-json\/wp\/v2\/pages\/3396","targetHints":{"allow":["GET"]}}],"collection":[{"href":"https:\/\/warnerbrokers.ca\/fr\/wp-json\/wp\/v2\/pages"}],"about":[{"href":"https:\/\/warnerbrokers.ca\/fr\/wp-json\/wp\/v2\/types\/page"}],"author":[{"embeddable":true,"href":"https:\/\/warnerbrokers.ca\/fr\/wp-json\/wp\/v2\/users\/1"}],"replies":[{"embeddable":true,"href":"https:\/\/warnerbrokers.ca\/fr\/wp-json\/wp\/v2\/comments?post=3396"}],"version-history":[{"count":1,"href":"https:\/\/warnerbrokers.ca\/fr\/wp-json\/wp\/v2\/pages\/3396\/revisions"}],"predecessor-version":[{"id":3397,"href":"https:\/\/warnerbrokers.ca\/fr\/wp-json\/wp\/v2\/pages\/3396\/revisions\/3397"}],"up":[{"embeddable":true,"href":"https:\/\/warnerbrokers.ca\/fr\/wp-json\/wp\/v2\/pages\/3346"}],"wp:attachment":[{"href":"https:\/\/warnerbrokers.ca\/fr\/wp-json\/wp\/v2\/media?parent=3396"}],"curies":[{"name":"wp","href":"https:\/\/api.w.org\/{rel}","templated":true}]}}