{"id":3388,"date":"2021-06-28T15:50:44","date_gmt":"2021-06-28T19:50:44","guid":{"rendered":"https:\/\/warnerbrokers.ca\/voiture\/vehicules-recreatifs\/"},"modified":"2021-06-28T15:50:45","modified_gmt":"2021-06-28T19:50:45","slug":"vehicules-recreatifs","status":"publish","type":"page","link":"https:\/\/warnerbrokers.ca\/fr\/voiture\/vehicules-recreatifs\/","title":{"rendered":"V\u00e9hicules r\u00e9cr\u00e9atifs"},"content":{"rendered":"\n<h2 class=\"wp-block-heading\">Devis d&rsquo;assurance moto en Ontario<\/h2>\n\n<h4 class=\"wp-block-heading\">Pensez \u00e0 Warner Insurance<\/h4>\n\n<p>Warner Insurance aide les motocyclistes \u00e0 souscrire une assurance moto depuis des ann\u00e9es. Nos conseils d&rsquo;experts et nos comparaisons de prix des meilleures compagnies d&rsquo;assurance vous permettent d&rsquo;obtenir la couverture dont vous avez besoin \u00e0 un prix comp\u00e9titif sur votre assurance v\u00e9lo.<\/p>\n\n<p>La bonne couverture est n\u00e9cessaire car bien que conduire une moto soit amusant et excitant, il y a certains risques. Des blessures graves caus\u00e9es par un accident de moto surviennent toutes les 6 minutes et 80% de tous les accidents de moto entra\u00eenent un d\u00e9c\u00e8s. De plus, le vol de motocyclette est \u00e0 la hausse, ce qui peut \u00eatre un \u00e9l\u00e9ment \u00e0 prendre en compte lors de la souscription d&rsquo;une assurance pour votre v\u00e9hicule.<\/p>\n\n<p>Profitez de la libert\u00e9 de la route tout en vous assurant d&rsquo;avoir la couverture dont vous avez besoin.<\/p>\n\n<h4 class=\"wp-block-heading\">Qu&rsquo;est-ce que l&rsquo;assurance moto?<\/h4>\n\n<p>L&rsquo;assurance moto est l\u00e9galement requise en Ontario pour prot\u00e9ger les motocyclistes. Il y a des minimums obligatoires que tous les motocyclistes doivent obtenir. Il s&rsquo;agit notamment de la responsabilit\u00e9 civile, des indemnit\u00e9s d&rsquo;accident, de l&rsquo;automobile non assur\u00e9e et des dommages mat\u00e9riels directs.<\/p>\n\n<p><strong>Votre courtier d&rsquo;assurance comparera les couvertures d&rsquo;assurance v\u00e9lo et pourra \u00e9galement sugg\u00e9rer ou recommander des protections suppl\u00e9mentaires pour vous assurer une tranquillit\u00e9 d&rsquo;esprit. Ceux-ci inclus:<\/strong><\/p>\n\n<ul class=\"wp-block-list\"><li>Couverture responsabilit\u00e9 civile suppl\u00e9mentaire<\/li><li>Collision qui couvre les r\u00e9parations de votre v\u00e9lo en cas d&rsquo;accident responsable.<\/li><li>Complet qui couvre les incendies, le vandalisme, le vol, les dommages dus \u00e0 la gr\u00eale, les temp\u00eates et autres r\u00e9clamations pour accidents non li\u00e9s \u00e0 la circulation.<\/li><li>Assistance routi\u00e8re<\/li><li>Couverture des accessoires de v\u00e9lo<\/li><li>L&rsquo;assurance perte totale paie pour un v\u00e9lo de remplacement<\/li><li>Couverture du v\u00e9hicule de location<\/li><li>Interruption de voyage<\/li><\/ul>\n\n<h4 class=\"wp-block-heading\">Pourquoi ai-je besoin d&rsquo;une assurance moto?<\/h4>\n\n<p>L&rsquo;assurance moto consiste \u00e0 g\u00e9rer vos risques. Si vous n&rsquo;avez pas d&rsquo;assurance, un accident pourrait \u00e9puiser toutes vos \u00e9conomies et vous obliger \u00e0 payer des frais m\u00e9dicaux importants pour vous-m\u00eame ou pour quelqu&rsquo;un d&rsquo;autre. De plus, il est requis par la loi d&rsquo;avoir un certain montant d&rsquo;assurance moto en Ontario. La couverture requise comprend la responsabilit\u00e9 civile, les indemnit\u00e9s d&rsquo;accident, les dommages automobiles non assur\u00e9s et les dommages mat\u00e9riels directs. Votre courtier Warner Insurance peut examiner votre police pour d\u00e9couvrir les lacunes de votre couverture actuelle.<\/p>\n\n<h4 class=\"wp-block-heading\">Combien co\u00fbte l&rsquo;assurance moto?<\/h4>\n\n<p>Il n&rsquo;y a pas de solution unique en ce qui concerne le co\u00fbt de l&rsquo;assurance moto. Comme pour votre autre assurance automobile, le co\u00fbt est bas\u00e9 sur un certain nombre de facteurs qui vous sont propres \u00e0 vous et \u00e0 votre v\u00e9hicule. Certains facteurs incluent votre exp\u00e9rience, votre \u00e2ge, le type de moto que vous conduisez ainsi que vos ant\u00e9c\u00e9dents de conduite. De plus, vos autres polices d&rsquo;assurance peuvent \u00e9galement avoir un impact sur vos tarifs d&rsquo;assurance moto.<\/p>\n\n<p>Si vous recherchez une assurance moto pas ch\u00e8re, nos experts en assurance magasineront votre assurance pour vous et pourront comparer les devis d&rsquo;assurance v\u00e9lo de nos partenaires. De plus, certaines compagnies d&rsquo;assurance offrent des \u00e9conomies lorsque vous combinez votre assurance moto avec votre assurance auto ou habitation! Contactez-nous d\u00e8s aujourd&rsquo;hui pour d\u00e9couvrir combien vous pourriez \u00e9conomiser!<\/p>\n\n<h4 class=\"wp-block-heading\">Comment obtenir une assurance v\u00e9lo avec Warner Insurance?<\/h4>\n\n<p>Avec Warner Insurance, obtenir la bonne couverture pour votre moto au bon prix est plus facile que vous ne le pensez. Si vous recherchez une soumission d&rsquo;assurance moto en ligne, vous \u00eates au bon endroit. Commencez votre soumission en ligne gratuite en cliquant sur le bouton ci-dessous et notre courtier travaillera avec vous pour vous couvrir.<\/p>\n","protected":false},"excerpt":{"rendered":"<p>Devis d&rsquo;assurance moto en Ontario Pensez \u00e0 Warner Insurance Warner Insurance aide les motocyclistes \u00e0 souscrire une assurance moto depuis des ann\u00e9es. Nos conseils d&rsquo;experts et nos comparaisons de prix des meilleures compagnies d&rsquo;assurance vous permettent d&rsquo;obtenir la couverture dont vous avez besoin \u00e0 un prix comp\u00e9titif sur votre assurance v\u00e9lo. La bonne couverture est [&hellip;]<\/p>\n","protected":false},"author":1,"featured_media":0,"parent":3343,"menu_order":0,"comment_status":"closed","ping_status":"closed","template":"","meta":{"_et_pb_use_builder":"off","_et_pb_old_content":"","_et_gb_content_width":"","footnotes":""},"class_list":["post-3388","page","type-page","status-publish","hentry"],"_links":{"self":[{"href":"https:\/\/warnerbrokers.ca\/fr\/wp-json\/wp\/v2\/pages\/3388","targetHints":{"allow":["GET"]}}],"collection":[{"href":"https:\/\/warnerbrokers.ca\/fr\/wp-json\/wp\/v2\/pages"}],"about":[{"href":"https:\/\/warnerbrokers.ca\/fr\/wp-json\/wp\/v2\/types\/page"}],"author":[{"embeddable":true,"href":"https:\/\/warnerbrokers.ca\/fr\/wp-json\/wp\/v2\/users\/1"}],"replies":[{"embeddable":true,"href":"https:\/\/warnerbrokers.ca\/fr\/wp-json\/wp\/v2\/comments?post=3388"}],"version-history":[{"count":1,"href":"https:\/\/warnerbrokers.ca\/fr\/wp-json\/wp\/v2\/pages\/3388\/revisions"}],"predecessor-version":[{"id":3389,"href":"https:\/\/warnerbrokers.ca\/fr\/wp-json\/wp\/v2\/pages\/3388\/revisions\/3389"}],"up":[{"embeddable":true,"href":"https:\/\/warnerbrokers.ca\/fr\/wp-json\/wp\/v2\/pages\/3343"}],"wp:attachment":[{"href":"https:\/\/warnerbrokers.ca\/fr\/wp-json\/wp\/v2\/media?parent=3388"}],"curies":[{"name":"wp","href":"https:\/\/api.w.org\/{rel}","templated":true}]}}