{"id":3379,"date":"2021-06-28T15:29:53","date_gmt":"2021-06-28T19:29:53","guid":{"rendered":"https:\/\/warnerbrokers.ca\/auto\/voiture-classique\/"},"modified":"2021-06-28T15:29:54","modified_gmt":"2021-06-28T19:29:54","slug":"voiture-classique","status":"publish","type":"page","link":"https:\/\/warnerbrokers.ca\/fr\/voiture\/voiture-classique\/","title":{"rendered":"Voiture classique"},"content":{"rendered":"\n<h2 class=\"wp-block-heading\">Devis d&rsquo;assurance automobile classique en Ontario<\/h2>\n\n<h4 class=\"wp-block-heading\">Pensez \u00e0 Warner Insurance<\/h4>\n\n<p>Si vous poss\u00e9dez une voiture classique, Warner Insurance peut comparer les devis d&rsquo;assurance classiques pour trouver la couverture qui r\u00e9pondra \u00e0 vos exigences en mati\u00e8re d&rsquo;assurance automobile. Nous offrons une assurance automobile classique, une assurance voiture ancienne, une assurance voiture ancienne, une assurance voiture de collection ainsi que de nombreux types de v\u00e9hicules sp\u00e9cialis\u00e9s. Les propri\u00e9taires de voitures classiques comprennent les soins sp\u00e9cialis\u00e9s dont leur v\u00e9hicule a besoin. Votre assurance automobile ne fait pas exception et votre police doit \u00eatre adapt\u00e9e \u00e0 vos besoins. Votre police d\u2019assurance automobile ordinaire ne la r\u00e9duit pas toujours. Choisissez les courtiers Warner Insurance pour trouver la police parfaite adapt\u00e9e \u00e0 vos besoins.<\/p>\n\n<h4 class=\"wp-block-heading\">Qu&rsquo;est-ce que l&rsquo;assurance automobile classique?<\/h4>\n\n<p>Les assureurs de voitures classiques comprennent que votre v\u00e9hicule est diff\u00e9rent de votre v\u00e9hicule quotidien habituel. C&rsquo;est un bien pr\u00e9cieux qui sera conduit avec soin et attention. Ainsi, vos primes seront ajust\u00e9es en cons\u00e9quence et leur co\u00fbt sera nettement inf\u00e9rieur \u00e0 celui de votre v\u00e9hicule quotidien moyen.<\/p>\n\n<p>Nos partenaires Classic Car Insurance vous encouragent \u00e0 profiter de votre v\u00e9hicule, qu&rsquo;il s&rsquo;agisse de voyages au cin\u00e9ma, d&rsquo;assister \u00e0 des \u00e9v\u00e9nements automobiles ou de faire des week-ends en voiture. En cas de sinistre, l&rsquo;assurance Classic Car aupr\u00e8s de nos assureurs choisis couvre la valeur de votre v\u00e9hicule en cas de perte totale. Sans tracas et sans amortissement! De plus, nos fournisseurs proposent des programmes d&rsquo;assistance routi\u00e8re complets 24h \/ 24 et 7j \/ 7 et comprennent les exigences des sp\u00e9cialistes, telles que la garantie d&rsquo;un remorquage \u00e0 plat avec des sangles souples. Si vous avez besoin de faire une r\u00e9clamation, ils ont des sp\u00e9cialistes de voitures classiques pour assurer des normes de service \u00e9lev\u00e9es pour vos r\u00e9parations de v\u00e9hicules.<\/p>\n\n<h4 class=\"wp-block-heading\">Pourquoi ai-je besoin d&rsquo;une assurance auto classique?<\/h4>\n\n<p>Ind\u00e9pendamment de la fr\u00e9quence d&rsquo;utilisation, de votre kilom\u00e9trage, ou m\u00eame si votre v\u00e9hicule est entrepos\u00e9 dans le garage. Si vous poss\u00e9dez une voiture en Ontario, il est obligatoire de l&rsquo;assurer. Si vous poss\u00e9dez une voiture classique, il est plus avantageux et abordable de souscrire une assurance automobile sp\u00e9cialis\u00e9e plut\u00f4t qu&rsquo;une assurance quotidienne du conducteur, car elle offre des avantages cl\u00e9s, notamment:<\/p>\n\n<p>Primes moins ch\u00e8res &#8211; il est g\u00e9n\u00e9ralement moins cher d&rsquo;assurer une voiture classique plut\u00f4t que votre voiture que vous utilisez quotidiennement. Cela peut \u00eatre plus de 50% moins cher que votre assurance automobile ordinaire.<\/p>\n\n<p>Nos partenaires d&rsquo;assurance d\u00e9terminent la valeur de votre v\u00e9hicule au d\u00e9but de votre entente afin que vous n&rsquo;ayez pas \u00e0 vous soucier de la d\u00e9pr\u00e9ciation affectant les montants de vos futures r\u00e9clamations. Les compagnies d&rsquo;assurance automobile r\u00e9guli\u00e8res n&rsquo;offrent g\u00e9n\u00e9ralement que le v\u00e9hicule au comptant r\u00e9el, ce qui peut diminuer la valeur de votre v\u00e9hicule si vous devez faire une r\u00e9clamation.<\/p>\n\n<p>Nos partenaires d&rsquo;assurance n&rsquo;offrent aucune limite de kilom\u00e9trage fixe, ce qui vous permet une plus grande flexibilit\u00e9 dans la mani\u00e8re et le moment o\u00f9 votre v\u00e9hicule classique est conduit.<\/p>\n\n<h4 class=\"wp-block-heading\">Quand dois-je souscrire une assurance auto classique?<\/h4>\n\n<p>Comme pour les v\u00e9hicules ordinaires, d\u00e8s que vous poss\u00e9dez votre voiture classique, vous devez avoir une assurance. Ceci ind\u00e9pendamment de la fr\u00e9quence d&rsquo;utilisation, de votre kilom\u00e9trage ou m\u00eame si vous le faites simplement entreposer dans le garage. Si vous poss\u00e9dez une voiture classique, vous devez la faire couvrir.<\/p>\n\n<h4 class=\"wp-block-heading\">Combien co\u00fbte l&rsquo;assurance automobile classique?<\/h4>\n\n<p>Votre police est adapt\u00e9e \u00e0 votre v\u00e9hicule et \u00e0 vos besoins. Comme nos partenaires en assurance se sp\u00e9cialisent dans l&rsquo;assurance automobile de collection et l&rsquo;assurance automobile classique, vous b\u00e9n\u00e9ficiez d&rsquo;une assurance pour r\u00e9pondre \u00e0 vos besoins \u00e0 un prix plus abordable.<\/p>\n\n<p>La prime d\u2019assurance de chacun refl\u00e8te sa situation unique. Lorsque nous calculons votre prime, nous examinons diff\u00e9rents facteurs, notamment votre emplacement, l&rsquo;utilisation du v\u00e9hicule, le type de v\u00e9hicule et le dossier de conduite. S&rsquo;il y a un risque plus \u00e9lev\u00e9 avec l&rsquo;un de ces facteurs, cela augmentera vos primes.<\/p>\n\n<h4 class=\"wp-block-heading\">Comment obtenir une assurance auto classique avec Warner Insurance?<\/h4>\n\n<p>Si vous \u00eates pr\u00eat \u00e0 souscrire une assurance avec Warner Insurance, cliquez sur le bouton Commencer votre soumission ci-dessous. Notre \u00e9quipe exp\u00e9riment\u00e9e de courtiers d&rsquo;assurance fera des emplettes sur le march\u00e9 et comparera l&rsquo;assurance automobile classique en votre nom. Ils trouveront la compagnie d\u2019assurance la plus appropri\u00e9e pour offrir la couverture dont vous avez besoin pour votre voiture d\u2019\u00e9poque.<\/p>\n","protected":false},"excerpt":{"rendered":"<p>Devis d&rsquo;assurance automobile classique en Ontario Pensez \u00e0 Warner Insurance Si vous poss\u00e9dez une voiture classique, Warner Insurance peut comparer les devis d&rsquo;assurance classiques pour trouver la couverture qui r\u00e9pondra \u00e0 vos exigences en mati\u00e8re d&rsquo;assurance automobile. Nous offrons une assurance automobile classique, une assurance voiture ancienne, une assurance voiture ancienne, une assurance voiture de [&hellip;]<\/p>\n","protected":false},"author":1,"featured_media":0,"parent":3343,"menu_order":0,"comment_status":"closed","ping_status":"closed","template":"","meta":{"_et_pb_use_builder":"off","_et_pb_old_content":"","_et_gb_content_width":"","footnotes":""},"class_list":["post-3379","page","type-page","status-publish","hentry"],"_links":{"self":[{"href":"https:\/\/warnerbrokers.ca\/fr\/wp-json\/wp\/v2\/pages\/3379","targetHints":{"allow":["GET"]}}],"collection":[{"href":"https:\/\/warnerbrokers.ca\/fr\/wp-json\/wp\/v2\/pages"}],"about":[{"href":"https:\/\/warnerbrokers.ca\/fr\/wp-json\/wp\/v2\/types\/page"}],"author":[{"embeddable":true,"href":"https:\/\/warnerbrokers.ca\/fr\/wp-json\/wp\/v2\/users\/1"}],"replies":[{"embeddable":true,"href":"https:\/\/warnerbrokers.ca\/fr\/wp-json\/wp\/v2\/comments?post=3379"}],"version-history":[{"count":1,"href":"https:\/\/warnerbrokers.ca\/fr\/wp-json\/wp\/v2\/pages\/3379\/revisions"}],"predecessor-version":[{"id":3380,"href":"https:\/\/warnerbrokers.ca\/fr\/wp-json\/wp\/v2\/pages\/3379\/revisions\/3380"}],"up":[{"embeddable":true,"href":"https:\/\/warnerbrokers.ca\/fr\/wp-json\/wp\/v2\/pages\/3343"}],"wp:attachment":[{"href":"https:\/\/warnerbrokers.ca\/fr\/wp-json\/wp\/v2\/media?parent=3379"}],"curies":[{"name":"wp","href":"https:\/\/api.w.org\/{rel}","templated":true}]}}