{"id":3361,"date":"2021-06-28T14:03:49","date_gmt":"2021-06-28T18:03:49","guid":{"rendered":"https:\/\/warnerbrokers.ca\/libre-service\/obtenez-un-devis\/"},"modified":"2022-03-17T15:08:24","modified_gmt":"2022-03-17T19:08:24","slug":"obtenez-un-devis","status":"publish","type":"page","link":"https:\/\/warnerbrokers.ca\/fr\/libre-service\/obtenez-un-devis\/","title":{"rendered":"Devis de Habitation ou Auto"},"content":{"rendered":"\n<p>Vous recherchez une assurance habitation ou automobile\u00a0? Si tel est le cas, vous pouvez obtenir un devis rapide sur notre site ci-dessous. Vous cherchez \u00e0 obtenir un prix sur un autre type d&rsquo;assurance? N&rsquo;h\u00e9sitez pas \u00e0 appeler notre bureau au <a href=\"tel:6139327210\">613-932-7210<\/a> pour plus d&rsquo;informations.<\/p>\n\n<div style=\"height:15px\" aria-hidden=\"true\" class=\"wp-block-spacer\"><\/div>\n\n<div class=\"wp-block-columns is-layout-flex wp-container-core-columns-is-layout-9d6595d7 wp-block-columns-is-layout-flex\">\n<div class=\"wp-block-column is-layout-flow wp-block-column-is-layout-flow\">\n<div class=\"wp-block-buttons is-layout-flex wp-block-buttons-is-layout-flex\">\n<div class=\"wp-block-button has-custom-width wp-block-button__width-100 quote-btn\"><a class=\"wp-block-button__link\" href=\"https:\/\/webrater.appliedsystems.com\/WR\/Default.aspx?GC=JDW&amp;LANG=FR&amp;LOB=AUTO\" target=\"_blank\" rel=\"noreferrer noopener\">Auto<\/a><\/div>\n<\/div>\n<\/div>\n\n\n\n<div class=\"wp-block-column is-layout-flow wp-block-column-is-layout-flow\">\n<div class=\"wp-block-buttons is-layout-flex wp-block-buttons-is-layout-flex\">\n<div class=\"wp-block-button has-custom-width wp-block-button__width-100 quote-btn\"><a class=\"wp-block-button__link\" href=\"https:\/\/webrater.appliedsystems.com\/WR\/Default.aspx?GC=JDW&amp;LANG=FR&amp;LOB=PROP\" target=\"_blank\" rel=\"noreferrer noopener\">Habitation<\/a><\/div>\n<\/div>\n<\/div>\n<\/div>\n","protected":false},"excerpt":{"rendered":"<p>Vous recherchez une assurance habitation ou automobile\u00a0? Si tel est le cas, vous pouvez obtenir un devis rapide sur notre site ci-dessous. Vous cherchez \u00e0 obtenir un prix sur un autre type d&rsquo;assurance? N&rsquo;h\u00e9sitez pas \u00e0 appeler notre bureau au 613-932-7210 pour plus d&rsquo;informations.<\/p>\n","protected":false},"author":1,"featured_media":0,"parent":3337,"menu_order":0,"comment_status":"closed","ping_status":"closed","template":"","meta":{"_et_pb_use_builder":"off","_et_pb_old_content":"","_et_gb_content_width":"","footnotes":""},"class_list":["post-3361","page","type-page","status-publish","hentry"],"_links":{"self":[{"href":"https:\/\/warnerbrokers.ca\/fr\/wp-json\/wp\/v2\/pages\/3361","targetHints":{"allow":["GET"]}}],"collection":[{"href":"https:\/\/warnerbrokers.ca\/fr\/wp-json\/wp\/v2\/pages"}],"about":[{"href":"https:\/\/warnerbrokers.ca\/fr\/wp-json\/wp\/v2\/types\/page"}],"author":[{"embeddable":true,"href":"https:\/\/warnerbrokers.ca\/fr\/wp-json\/wp\/v2\/users\/1"}],"replies":[{"embeddable":true,"href":"https:\/\/warnerbrokers.ca\/fr\/wp-json\/wp\/v2\/comments?post=3361"}],"version-history":[{"count":17,"href":"https:\/\/warnerbrokers.ca\/fr\/wp-json\/wp\/v2\/pages\/3361\/revisions"}],"predecessor-version":[{"id":3789,"href":"https:\/\/warnerbrokers.ca\/fr\/wp-json\/wp\/v2\/pages\/3361\/revisions\/3789"}],"up":[{"embeddable":true,"href":"https:\/\/warnerbrokers.ca\/fr\/wp-json\/wp\/v2\/pages\/3337"}],"wp:attachment":[{"href":"https:\/\/warnerbrokers.ca\/fr\/wp-json\/wp\/v2\/media?parent=3361"}],"curies":[{"name":"wp","href":"https:\/\/api.w.org\/{rel}","templated":true}]}}