{"id":3346,"date":"2021-06-28T12:02:05","date_gmt":"2021-06-28T16:02:05","guid":{"rendered":"https:\/\/warnerbrokers.ca\/habitation\/"},"modified":"2021-06-28T12:10:51","modified_gmt":"2021-06-28T16:10:51","slug":"maison","status":"publish","type":"page","link":"https:\/\/warnerbrokers.ca\/fr\/maison\/","title":{"rendered":"Maison"},"content":{"rendered":"\n<p>L&rsquo;un des investissements les plus importants que les gens fassent est l&rsquo;achat d&rsquo;une maison. C&rsquo;est pourquoi il est tout aussi important de prot\u00e9ger votre maison avec un forfait d&rsquo;assurance habitation adapt\u00e9 \u00e0 vos besoins.<\/p>\n\n<p><a href=\"\/fr\/libre-service\/\">Cliquez ici pour obtenir un devis sur votre assurance habitation maintenant!<\/a><\/p>\n\n<p><strong>Votre police vous fournira la protection dont vous avez besoin pour:<\/strong><\/p>\n\n<ul class=\"wp-block-list\"><li>Ta maison<\/li><li>Autres b\u00e2timents ou structures sur votre propri\u00e9t\u00e9<\/li><li>Vos effets personnels \u2013 meubles, v\u00eatements, \u00e9lectrom\u00e9nagers, etc.<\/li><li>Frais de subsistance suppl\u00e9mentaires<\/li><li>Votre responsabilit\u00e9 civile personnelle<\/li><\/ul>\n\n<h2 class=\"wp-block-heading\">Soumissions d&rsquo;assurance habitation en Ontario<\/h2>\n\n<h4 class=\"wp-block-heading\">Pensez \u00e0 Warner Insurance<\/h4>\n\n<p>Que vous soyez propri\u00e9taire ou locataire, habitez dans une maison \u00e0 deux \u00e9tages ou dans un immeuble en copropri\u00e9t\u00e9, votre maison et son contenu font probablement partie de vos plus gros investissements. Assurez-vous qu&rsquo;ils sont prot\u00e9g\u00e9s par une assurance habitation de Warner Insurance. Nous examinerons vos besoins sp\u00e9cifiques et individuels et vous aiderons \u00e0 d\u00e9cider d&rsquo;un plan de protection qui vous aidera \u00e0 garantir que votre perte est correctement indemnis\u00e9e, si vous \u00eates si malheureux. Nous allons magasiner dans notre r\u00e9seau de compagnies d&rsquo;assurance habitation de confiance pour vous offrir toute la couverture dont vous avez besoin avec une vari\u00e9t\u00e9 de rabais int\u00e9ressants adapt\u00e9s \u00e0 votre budget.<\/p>\n\n<h4 class=\"wp-block-heading\">Qu&rsquo;est-ce que l&rsquo;assurance habitation et pourquoi en ai-je besoin?<\/h4>\n\n<p>L&rsquo;assurance habitation vous rembourse vos pertes financi\u00e8res r\u00e9sultant de pertes accidentelles. Cela comprend des \u00e9l\u00e9ments tels que les d\u00e9g\u00e2ts d&rsquo;eau, le vandalisme et les incendies. L&rsquo;assurance habitation garantit \u00e9galement que vous \u00eates prot\u00e9g\u00e9 contre les poursuites judiciaires d\u00e9coulant de vos actions personnelles ou de la propri\u00e9t\u00e9 de votre propri\u00e9t\u00e9. Il est probable que vous ayez besoin d\u2019une assurance habitation avant d\u2019acheter une maison. En effet, la plupart des banques et des soci\u00e9t\u00e9s hypoth\u00e9caires auront besoin d&rsquo;une assurance habitation avant de vous pr\u00eater de l&rsquo;argent.<\/p>\n\n<p>Si vous louez, l&rsquo;assurance locataire propose g\u00e9n\u00e9ralement deux types de couvertures: responsabilit\u00e9 civile et contenu. La couverture responsabilit\u00e9 civile vous prot\u00e9gera de vos actions personnelles qui peuvent \u00eatre tenues responsables des dommages caus\u00e9s \u00e0 l&rsquo;immeuble ou des blessures \u00e0 d&rsquo;autres personnes qui vivent ou visitent vos locaux lou\u00e9s. La couverture du contenu vous indemnise pour la perte ou l&rsquo;endommagement de vos biens personnels r\u00e9sultant de pertes accidentelles, notamment le feu, la fum\u00e9e et le vol.<\/p>\n\n<h4 class=\"wp-block-heading\">Combien co\u00fbte l&rsquo;assurance habitation?<\/h4>\n\n<p>Le co\u00fbt de l&rsquo;assurance habitation d\u00e9pend du type de couverture d&rsquo;assurance que vous choisissez et des options de protection suppl\u00e9mentaires que vous pouvez ajouter.<\/p>\n\n<p><strong>Plusieurs facteurs influent sur le co\u00fbt de l&rsquo;assurance des biens:<\/strong><\/p>\n\n<ul class=\"wp-block-list\"><li>Emplacement<\/li><li>D\u00e9ductible<\/li><li>Contenu<\/li><li>Type de source de chaleur<\/li><li>Type de distribution \u00e9lectrique<\/li><li>Tuyaux<\/li><li>\u00c2ge du toit<\/li><li>Historique des r\u00e9clamations<\/li><li>Proximit\u00e9 d&rsquo;une borne d&rsquo;incendie ou d&rsquo;une caserne de pompiers<\/li><li>Mises \u00e0 niveau et r\u00e9novations<\/li><\/ul>\n\n<p>Si vous recherchez une assurance habitation bon march\u00e9, assurez-vous de toujours b\u00e9n\u00e9ficier de la couverture dont vous avez besoin. Certaines compagnies d&rsquo;assurance habitation peuvent \u00e9galement augmenter votre franchise pour vous offrir un taux inf\u00e9rieur. Nous vous recommandons d&rsquo;en parler \u00e0 votre courtier Warner Insurance.<\/p>\n\n<p><strong>Voici quelques moyens de r\u00e9duire votre prime d&rsquo;assurance habitation:<\/strong><\/p>\n\n<ul class=\"wp-block-list\"><li>S\u00e9curit\u00e9 telle qu&rsquo;un syst\u00e8me d&rsquo;alarme anti-effraction<\/li><li>D\u00e9tecteur de fum\u00e9e<\/li><li>Regroupez vos assurances habitation et auto<\/li><\/ul>\n\n<h4 class=\"wp-block-heading\">Comment obtenir une assurance habitation avec Warner Insurance?<\/h4>\n\n<p>Vous pouvez commencer par remplir notre formulaire de soumission en ligne pour votre assurance habitation avec Warner Insurance. Nous allons parcourir le march\u00e9 pour que vous trouviez la compagnie d&rsquo;assurance habitation la plus appropri\u00e9e qui vous offre la couverture dont vous avez besoin au meilleur prix possible. Nous vous demanderons des informations sur vous et votre propri\u00e9t\u00e9. Voici quelques-unes des informations dont nous pourrions avoir besoin de votre part.<\/p>\n\n<ul class=\"wp-block-list\"><li>Le type de b\u00e2timent<\/li><li>Le type de mat\u00e9riau qui recouvre l&rsquo;ext\u00e9rieur de votre maison<\/li><li>L&rsquo;ann\u00e9e o\u00f9 votre maison a \u00e9t\u00e9 construite<\/li><li>Le type de mat\u00e9riau dont votre toit est fait et l&rsquo;ann\u00e9e de son dernier remplacement<\/li><li>La superficie en pieds carr\u00e9s de votre maison, excluant le sous-sol<\/li><li>D\u00e9tails concernant si votre sous-sol est fini et si vous avez un garage ou une piscine<\/li><li>Le type de syst\u00e8me de chauffage et de ventilation dont vous disposez dans votre maison.<\/li><\/ul>\n","protected":false},"excerpt":{"rendered":"<p>L&rsquo;un des investissements les plus importants que les gens fassent est l&rsquo;achat d&rsquo;une maison. C&rsquo;est pourquoi il est tout aussi important de prot\u00e9ger votre maison avec un forfait d&rsquo;assurance habitation adapt\u00e9 \u00e0 vos besoins. Cliquez ici pour obtenir un devis sur votre assurance habitation maintenant! Votre police vous fournira la protection dont vous avez besoin [&hellip;]<\/p>\n","protected":false},"author":1,"featured_media":0,"parent":0,"menu_order":0,"comment_status":"closed","ping_status":"closed","template":"","meta":{"_et_pb_use_builder":"off","_et_pb_old_content":"","_et_gb_content_width":"","footnotes":""},"class_list":["post-3346","page","type-page","status-publish","hentry"],"_links":{"self":[{"href":"https:\/\/warnerbrokers.ca\/fr\/wp-json\/wp\/v2\/pages\/3346","targetHints":{"allow":["GET"]}}],"collection":[{"href":"https:\/\/warnerbrokers.ca\/fr\/wp-json\/wp\/v2\/pages"}],"about":[{"href":"https:\/\/warnerbrokers.ca\/fr\/wp-json\/wp\/v2\/types\/page"}],"author":[{"embeddable":true,"href":"https:\/\/warnerbrokers.ca\/fr\/wp-json\/wp\/v2\/users\/1"}],"replies":[{"embeddable":true,"href":"https:\/\/warnerbrokers.ca\/fr\/wp-json\/wp\/v2\/comments?post=3346"}],"version-history":[{"count":2,"href":"https:\/\/warnerbrokers.ca\/fr\/wp-json\/wp\/v2\/pages\/3346\/revisions"}],"predecessor-version":[{"id":3357,"href":"https:\/\/warnerbrokers.ca\/fr\/wp-json\/wp\/v2\/pages\/3346\/revisions\/3357"}],"wp:attachment":[{"href":"https:\/\/warnerbrokers.ca\/fr\/wp-json\/wp\/v2\/media?parent=3346"}],"curies":[{"name":"wp","href":"https:\/\/api.w.org\/{rel}","templated":true}]}}