{"id":3340,"date":"2021-06-28T11:27:23","date_gmt":"2021-06-28T15:27:23","guid":{"rendered":"https:\/\/warnerbrokers.ca\/effectuer-un-paiement\/"},"modified":"2021-09-15T13:32:01","modified_gmt":"2021-09-15T17:32:01","slug":"effectuer-un-paiement","status":"publish","type":"page","link":"https:\/\/warnerbrokers.ca\/fr\/effectuer-un-paiement\/","title":{"rendered":"Effectuer un paiement"},"content":{"rendered":"\n<p>Vous avez plusieurs choix pour effectuer un paiement. Si vous souhaitez obtenir de l&rsquo;aide, appelez-nous au <a href=\"tel:6139327210\">613-932-7210<\/a> ou envoyez un courriel \u00e0 <a href=\"mailto:info@warnerbrokers.ca\">info@warnerbrokers.ca<\/a>\u00a0<\/p>\n\n<h4 class=\"wp-block-heading\">Virement Interac<\/h4>\n\n<p>L&rsquo;un des moyens les plus simples d&rsquo;envoyer de l&rsquo;argent consiste \u00e0 effectuer un virement Interac via vos op\u00e9rations bancaires en ligne. Connectez-vous simplement \u00e0 votre profil bancaire en ligne, choisissez Virement Interac et envoyez le paiement \u00e0 info@warnerbrokers.ca. Votre banque vous demandera de cr\u00e9er un mot de passe, veuillez utiliser le mot de passe qui vous a \u00e9t\u00e9 fourni par votre courtier.<\/p>\n\n<h4 class=\"wp-block-heading\">Carte de cr\u00e9dit<\/h4>\n\n<p>Les transactions par carte de cr\u00e9dit peuvent \u00eatre trait\u00e9es par t\u00e9l\u00e9phone ou nous pouvons vous envoyer un lien par e-mail. Nous acceptons les cartes Visa ou Master Card ou American Express. Appelez-nous au 613-932-7210 pour plus d&rsquo;informations. * (Veuillez noter que des frais de service de 3% s&rsquo;appliquent \u00e0 toutes les transactions par carte de cr\u00e9dit).<\/p>\n\n<h4 class=\"wp-block-heading\">Par courrier<\/h4>\n\n<p><strong>Envoyez un ch\u00e8que ou un mandat \u00e0:<\/strong><br\/>Warner Insurance Brokers<br\/> 215, rue Sydney<br\/>Cornwall, ON K6H 3H3<\/p>\n\n<p><em>Veuillez inscrire votre num\u00e9ro de police sur la ligne m\u00e9mo de votre ch\u00e8que.<\/em><\/p>\n\n<h4 class=\"wp-block-heading\">En personne<\/h4>\n\n<p>Nous acceptons les esp\u00e8ces, les ch\u00e8ques, les cartes de d\u00e9bit et de cr\u00e9dit.<\/p>\n\n<p><strong>Notre adresse est:<\/strong><br\/>Warner Insurance Brokers<br\/> 215, rue Sydney<br\/>Cornwall, ON K6H 3H3<\/p>\n\n<p><em><strong>Avertissement:<\/strong> les paiements ne garantissent pas la couverture. Pour les remboursements de NSF, les paiements manqu\u00e9s ou les primes dues en cas d&rsquo;annulation, veuillez d&rsquo;abord en parler \u00e0 votre courtier.<\/em><\/p>\n","protected":false},"excerpt":{"rendered":"<p>Vous avez plusieurs choix pour effectuer un paiement. Si vous souhaitez obtenir de l&rsquo;aide, appelez-nous au 613-932-7210 ou envoyez un courriel \u00e0 info@warnerbrokers.ca\u00a0 Virement Interac L&rsquo;un des moyens les plus simples d&rsquo;envoyer de l&rsquo;argent consiste \u00e0 effectuer un virement Interac via vos op\u00e9rations bancaires en ligne. Connectez-vous simplement \u00e0 votre profil bancaire en ligne, choisissez [&hellip;]<\/p>\n","protected":false},"author":1,"featured_media":0,"parent":0,"menu_order":0,"comment_status":"closed","ping_status":"closed","template":"","meta":{"_et_pb_use_builder":"","_et_pb_old_content":"","_et_gb_content_width":"","footnotes":""},"class_list":["post-3340","page","type-page","status-publish","hentry"],"_links":{"self":[{"href":"https:\/\/warnerbrokers.ca\/fr\/wp-json\/wp\/v2\/pages\/3340","targetHints":{"allow":["GET"]}}],"collection":[{"href":"https:\/\/warnerbrokers.ca\/fr\/wp-json\/wp\/v2\/pages"}],"about":[{"href":"https:\/\/warnerbrokers.ca\/fr\/wp-json\/wp\/v2\/types\/page"}],"author":[{"embeddable":true,"href":"https:\/\/warnerbrokers.ca\/fr\/wp-json\/wp\/v2\/users\/1"}],"replies":[{"embeddable":true,"href":"https:\/\/warnerbrokers.ca\/fr\/wp-json\/wp\/v2\/comments?post=3340"}],"version-history":[{"count":2,"href":"https:\/\/warnerbrokers.ca\/fr\/wp-json\/wp\/v2\/pages\/3340\/revisions"}],"predecessor-version":[{"id":3720,"href":"https:\/\/warnerbrokers.ca\/fr\/wp-json\/wp\/v2\/pages\/3340\/revisions\/3720"}],"wp:attachment":[{"href":"https:\/\/warnerbrokers.ca\/fr\/wp-json\/wp\/v2\/media?parent=3340"}],"curies":[{"name":"wp","href":"https:\/\/api.w.org\/{rel}","templated":true}]}}