{"id":3337,"date":"2021-06-28T11:15:28","date_gmt":"2021-06-28T15:15:28","guid":{"rendered":"https:\/\/warnerbrokers.ca\/libre-service\/"},"modified":"2021-09-16T12:09:37","modified_gmt":"2021-09-16T16:09:37","slug":"libre-service","status":"publish","type":"page","link":"https:\/\/warnerbrokers.ca\/fr\/libre-service\/","title":{"rendered":"Nous contacter"},"content":{"rendered":"\n<p>L&rsquo;une de nos valeurs fondamentales chez Warner Insurance Brokers est de fournir un meilleur acc\u00e8s \u00e0 un excellent service client. Nos courtiers sont pr\u00eats \u00e0 vous servir en personne, au t\u00e9l\u00e9phone et par courriel.<\/p>\n\n<p>Si vous avez besoin d&rsquo;aide, veuillez contacter notre bureau et notre \u00e9quipe se fera un plaisir de r\u00e9pondre \u00e0 vos questions.<\/p>\n\n<div style=\"height:15px\" aria-hidden=\"true\" class=\"wp-block-spacer\"><\/div>\n\n<div class=\"wp-block-buttons is-layout-flex wp-block-buttons-is-layout-flex\">\n<div class=\"wp-block-button\"><a class=\"wp-block-button__link\" href=\"https:\/\/warnerbrokers.ca\/fr\/a-propos-du-courtage\/contact\/\">Nous contacter<\/a><\/div>\n<\/div>\n\n<p><\/p>\n","protected":false},"excerpt":{"rendered":"<p>L&rsquo;une de nos valeurs fondamentales chez Warner Insurance Brokers est de fournir un meilleur acc\u00e8s \u00e0 un excellent service client. Nos courtiers sont pr\u00eats \u00e0 vous servir en personne, au t\u00e9l\u00e9phone et par courriel. Si vous avez besoin d&rsquo;aide, veuillez contacter notre bureau et notre \u00e9quipe se fera un plaisir de r\u00e9pondre \u00e0 vos questions.<\/p>\n","protected":false},"author":1,"featured_media":0,"parent":0,"menu_order":0,"comment_status":"closed","ping_status":"closed","template":"","meta":{"_et_pb_use_builder":"off","_et_pb_old_content":"","_et_gb_content_width":"","footnotes":""},"class_list":["post-3337","page","type-page","status-publish","hentry"],"_links":{"self":[{"href":"https:\/\/warnerbrokers.ca\/fr\/wp-json\/wp\/v2\/pages\/3337","targetHints":{"allow":["GET"]}}],"collection":[{"href":"https:\/\/warnerbrokers.ca\/fr\/wp-json\/wp\/v2\/pages"}],"about":[{"href":"https:\/\/warnerbrokers.ca\/fr\/wp-json\/wp\/v2\/types\/page"}],"author":[{"embeddable":true,"href":"https:\/\/warnerbrokers.ca\/fr\/wp-json\/wp\/v2\/users\/1"}],"replies":[{"embeddable":true,"href":"https:\/\/warnerbrokers.ca\/fr\/wp-json\/wp\/v2\/comments?post=3337"}],"version-history":[{"count":5,"href":"https:\/\/warnerbrokers.ca\/fr\/wp-json\/wp\/v2\/pages\/3337\/revisions"}],"predecessor-version":[{"id":3724,"href":"https:\/\/warnerbrokers.ca\/fr\/wp-json\/wp\/v2\/pages\/3337\/revisions\/3724"}],"wp:attachment":[{"href":"https:\/\/warnerbrokers.ca\/fr\/wp-json\/wp\/v2\/media?parent=3337"}],"curies":[{"name":"wp","href":"https:\/\/api.w.org\/{rel}","templated":true}]}}