{"id":3332,"date":"2021-06-28T10:50:02","date_gmt":"2021-06-28T14:50:02","guid":{"rendered":"https:\/\/warnerbrokers.ca\/a-propos-du-courtage\/"},"modified":"2024-07-29T20:59:50","modified_gmt":"2024-07-30T00:59:50","slug":"a-propos-du-courtage","status":"publish","type":"page","link":"https:\/\/warnerbrokers.ca\/fr\/a-propos-du-courtage\/","title":{"rendered":"\u00c0 propos du courtage"},"content":{"rendered":"\n<h3 class=\"wp-block-heading\">Chez Warner Insurance, nous nous engageons \u00e0 prot\u00e9ger nos communaut\u00e9s. En tant que bureau ax\u00e9 sur le service, nous croyons que notre service est sans \u00e9gal. Nous prenons le temps de r\u00e9pondre aux besoins de nos clients.<\/h3>\n\n\n\n<p>Warner et Insurance sont associ\u00e9s depuis plus de 70 ans, prot\u00e9geant les besoins des clients de l&rsquo;Est de l&rsquo;Ontario. Sebastian Warner est le directeur de Warner Insurance, une soci\u00e9t\u00e9 cr\u00e9\u00e9e par son p\u00e8re John, en 1990. Le grand-p\u00e8re de Sebastian, Doug, a commenc\u00e9 \u00e0 vendre de l\u2019assurance-vie \u00e0 Cornwall en 1946.<\/p>\n\n\n\n<p>Sebastian est dipl\u00f4m\u00e9 du Grenville Christian College et de l&rsquo;Universit\u00e9 de Western Ontario. Il continue de suivre des cours coll\u00e9giaux en assurance g\u00e9n\u00e9rale. Son p\u00e8re, John Warner, professionnel d&rsquo;assurance agr\u00e9\u00e9 de l&rsquo;Institut d&rsquo;assurance du Canada, travaille avec Sebastian. Les autres courtiers agr\u00e9\u00e9s sont Kerry Van Allen, Carole Ross, Stefan Kolbinger et Sam Ramage.\u00a0Victoria Perry est notre contr\u00f4leure.<\/p>\n\n\n\n<h4 class=\"wp-block-heading\">Points forts<\/h4>\n\n\n\n<ul class=\"wp-block-list\">\n<li>La famille a commenc\u00e9 \u00e0 vendre de l&rsquo;assurance en 1946<\/li>\n\n\n\n<li>Professionnels de l&rsquo;assurance agr\u00e9\u00e9s<\/li>\n\n\n\n<li>Brokerage Incorporated en 1990<\/li>\n\n\n\n<li>C\u00e9l\u00e9br\u00e9 30 ans en 2020<\/li>\n<\/ul>\n","protected":false},"excerpt":{"rendered":"<p>Chez Warner Insurance, nous nous engageons \u00e0 prot\u00e9ger nos communaut\u00e9s. En tant que bureau ax\u00e9 sur le service, nous croyons que notre service est sans \u00e9gal. Nous prenons le temps de r\u00e9pondre aux besoins de nos clients. Warner et Insurance sont associ\u00e9s depuis plus de 70 ans, prot\u00e9geant les besoins des clients de l&rsquo;Est de [&hellip;]<\/p>\n","protected":false},"author":1,"featured_media":0,"parent":0,"menu_order":0,"comment_status":"closed","ping_status":"closed","template":"","meta":{"_et_pb_use_builder":"off","_et_pb_old_content":"","_et_gb_content_width":"","footnotes":""},"class_list":["post-3332","page","type-page","status-publish","hentry"],"_links":{"self":[{"href":"https:\/\/warnerbrokers.ca\/fr\/wp-json\/wp\/v2\/pages\/3332","targetHints":{"allow":["GET"]}}],"collection":[{"href":"https:\/\/warnerbrokers.ca\/fr\/wp-json\/wp\/v2\/pages"}],"about":[{"href":"https:\/\/warnerbrokers.ca\/fr\/wp-json\/wp\/v2\/types\/page"}],"author":[{"embeddable":true,"href":"https:\/\/warnerbrokers.ca\/fr\/wp-json\/wp\/v2\/users\/1"}],"replies":[{"embeddable":true,"href":"https:\/\/warnerbrokers.ca\/fr\/wp-json\/wp\/v2\/comments?post=3332"}],"version-history":[{"count":3,"href":"https:\/\/warnerbrokers.ca\/fr\/wp-json\/wp\/v2\/pages\/3332\/revisions"}],"predecessor-version":[{"id":3891,"href":"https:\/\/warnerbrokers.ca\/fr\/wp-json\/wp\/v2\/pages\/3332\/revisions\/3891"}],"wp:attachment":[{"href":"https:\/\/warnerbrokers.ca\/fr\/wp-json\/wp\/v2\/media?parent=3332"}],"curies":[{"name":"wp","href":"https:\/\/api.w.org\/{rel}","templated":true}]}}